{"id":2339,"date":"2021-09-10T10:19:43","date_gmt":"2021-09-10T08:19:43","guid":{"rendered":"https:\/\/osolwp.brainmade.io\/nos-services\/"},"modified":"2022-02-15T17:21:15","modified_gmt":"2022-02-15T16:21:15","slug":"nos-services","status":"publish","type":"page","link":"https:\/\/www.osol.es\/en\/nos-services\/","title":{"rendered":"Nos services"},"content":{"rendered":"\t\t<div data-elementor-type=\"wp-page\" data-elementor-id=\"2339\" class=\"elementor elementor-2339 elementor-2336\" data-elementor-settings=\"[]\">\n\t\t\t\t\t\t\t<div class=\"elementor-section-wrap\">\n\t\t\t\t\t\t\t<section class=\"elementor-section elementor-top-section elementor-element elementor-element-bdc5619 elementor-section-boxed elementor-section-height-default elementor-section-height-default\" data-id=\"bdc5619\" data-element_type=\"section\">\n\t\t\t\t\t\t<div class=\"elementor-container elementor-column-gap-default\">\n\t\t\t\t\t<div class=\"elementor-column elementor-col-100 elementor-top-column elementor-element elementor-element-fe44258\" data-id=\"fe44258\" data-element_type=\"column\">\n\t\t\t<div class=\"elementor-widget-wrap elementor-element-populated\">\n\t\t\t\t\t\t\t\t<div class=\"elementor-element elementor-element-b5757d4 elementor-widget elementor-widget-text-editor\" data-id=\"b5757d4\" data-element_type=\"widget\" data-widget_type=\"text-editor.default\">\n\t\t\t\t<div class=\"elementor-widget-container\">\n\t\t\t\t\t\t\t\t<p>Via deux formules adapt\u00e9es \u00e0 vos besoins, O&#8217;Sol vous propose un service complet allant de la <b>conciergerie<\/b>&nbsp;(ou &#8220;keyholding&#8221;) \u00e0 la <strong>gestion locative totale<\/strong> de votre bien immobilier : placement de votre annonce multilingue sur les principales plateformes de location en ligne, contact et suivi des locataires, gestion du planning de r\u00e9servation en ligne, proc\u00e9dures administrative et financi\u00e8re, accueil des locataires et \u00e9tat des lieux, entretien de votre bien immobilier&#8230; Gr\u00e2ce \u00e0 O&#8217;Sol, la location de votre appartement est entre les meilleures mains!<\/p>\n\t\t\t\t\t\t<\/div>\n\t\t\t\t<\/div>\n\t\t\t\t\t<\/div>\n\t\t<\/div>\n\t\t\t\t\t\t\t<\/div>\n\t\t<\/section>\n\t\t\t\t<section class=\"elementor-section elementor-top-section elementor-element elementor-element-75d7ae9 elementor-section-boxed elementor-section-height-default elementor-section-height-default\" data-id=\"75d7ae9\" data-element_type=\"section\">\n\t\t\t\t\t\t<div class=\"elementor-container elementor-column-gap-default\">\n\t\t\t\t\t<div class=\"elementor-column elementor-col-50 elementor-top-column elementor-element elementor-element-47ad3f8\" data-id=\"47ad3f8\" data-element_type=\"column\">\n\t\t\t<div class=\"elementor-widget-wrap elementor-element-populated\">\n\t\t\t\t\t\t\t\t<div class=\"elementor-element elementor-element-b0fbf87 elementor-widget elementor-widget-image\" data-id=\"b0fbf87\" data-element_type=\"widget\" data-widget_type=\"image.default\">\n\t\t\t\t<div class=\"elementor-widget-container\">\n\t\t\t\t\t\t\t\t\t\t\t\t\t\t\t<img loading=\"lazy\" decoding=\"async\" width=\"500\" height=\"500\" src=\"https:\/\/www.osol.es\/wp-content\/uploads\/2021\/10\/Osol-Proprietaires.svg\" class=\"attachment-thumbnail size-thumbnail\" alt=\"\" \/>\t\t\t\t\t\t\t\t\t\t\t\t\t\t\t<\/div>\n\t\t\t\t<\/div>\n\t\t\t\t<div class=\"elementor-element elementor-element-09ed28c elementor-cta--skin-classic elementor-animated-content elementor-bg-transform elementor-bg-transform-zoom-in elementor-widget elementor-widget-call-to-action\" data-id=\"09ed28c\" data-element_type=\"widget\" data-widget_type=\"call-to-action.default\">\n\t\t\t\t<div class=\"elementor-widget-container\">\n\t\t\t\t\t<div  class=\"elementor-cta\">\n\t\t\t\t\t\t\t<div class=\"elementor-cta__content\">\n\t\t\t\t\n\t\t\t\t\t\t\t\t\t<h2 class=\"elementor-cta__title elementor-cta__content-item elementor-content-item\">\n\t\t\t\t\t\tJe suis propri\u00e9taire\t\t\t\t\t<\/h2>\n\t\t\t\t\n\t\t\t\t\t\t\t\t\t<div class=\"elementor-cta__description elementor-cta__content-item elementor-content-item\">\n\t\t\t\t\t\t<p>Je souhaite mettre en location mon appartement ou ma maison en Espagne.<\/p>\n\t\t\t\t\t<\/div>\n\t\t\t\t\n\t\t\t\t\t\t\t\t\t<div class=\"elementor-cta__button-wrapper elementor-cta__content-item elementor-content-item \">\n\t\t\t\t\t<a class=\"elementor-cta__button elementor-button elementor-size-sm\" href=\"https:\/\/osolwp.brainmade.io\/en\/contact\/\">\n\t\t\t\t\t\tContact us\t\t\t\t\t<\/a>\n\t\t\t\t\t<\/div>\n\t\t\t\t\t\t\t<\/div>\n\t\t\t\t\t\t<\/div>\n\t\t\t\t<\/div>\n\t\t\t\t<\/div>\n\t\t\t\t\t<\/div>\n\t\t<\/div>\n\t\t\t\t<div class=\"elementor-column elementor-col-50 elementor-top-column elementor-element elementor-element-2a0e7c3\" data-id=\"2a0e7c3\" data-element_type=\"column\">\n\t\t\t<div class=\"elementor-widget-wrap elementor-element-populated\">\n\t\t\t\t\t\t\t\t<div class=\"elementor-element elementor-element-850e69f elementor-widget elementor-widget-image\" data-id=\"850e69f\" data-element_type=\"widget\" data-widget_type=\"image.default\">\n\t\t\t\t<div class=\"elementor-widget-container\">\n\t\t\t\t\t\t\t\t\t\t\t\t\t\t\t<img loading=\"lazy\" decoding=\"async\" width=\"500\" height=\"500\" src=\"https:\/\/www.osol.es\/wp-content\/uploads\/2021\/10\/Osol-Locatiares.svg\" class=\"attachment-thumbnail size-thumbnail\" alt=\"\" \/>\t\t\t\t\t\t\t\t\t\t\t\t\t\t\t<\/div>\n\t\t\t\t<\/div>\n\t\t\t\t<div class=\"elementor-element elementor-element-56072ad elementor-cta--skin-classic elementor-animated-content elementor-bg-transform elementor-bg-transform-zoom-in elementor-widget elementor-widget-call-to-action\" data-id=\"56072ad\" data-element_type=\"widget\" data-widget_type=\"call-to-action.default\">\n\t\t\t\t<div class=\"elementor-widget-container\">\n\t\t\t\t\t<div  class=\"elementor-cta\">\n\t\t\t\t\t\t\t<div class=\"elementor-cta__content\">\n\t\t\t\t\n\t\t\t\t\t\t\t\t\t<h2 class=\"elementor-cta__title elementor-cta__content-item elementor-content-item\">\n\t\t\t\t\t\tJe suis locataire\t\t\t\t\t<\/h2>\n\t\t\t\t\n\t\t\t\t\t\t\t\t\t<div class=\"elementor-cta__description elementor-cta__content-item elementor-content-item\">\n\t\t\t\t\t\t<p>Je souhaite consulter la liste des biens immobiliers \u00e0 louer sur la Costa Blanca, la Costa de Almeria et la Costa Calida.<\/p>\n\t\t\t\t\t<\/div>\n\t\t\t\t\n\t\t\t\t\t\t\t\t\t<div class=\"elementor-cta__button-wrapper elementor-cta__content-item elementor-content-item \">\n\t\t\t\t\t<a class=\"elementor-cta__button elementor-button elementor-size-sm\" href=\"https:\/\/booking.osol.es\">\n\t\t\t\t\t\tConsulter les appartements et villas \u00e0 louer\t\t\t\t\t<\/a>\n\t\t\t\t\t<\/div>\n\t\t\t\t\t\t\t<\/div>\n\t\t\t\t\t\t<\/div>\n\t\t\t\t<\/div>\n\t\t\t\t<\/div>\n\t\t\t\t\t<\/div>\n\t\t<\/div>\n\t\t\t\t\t\t\t<\/div>\n\t\t<\/section>\n\t\t\t\t\t\t<\/div>\n\t\t\t\t\t<\/div>\n\t\t","protected":false},"excerpt":{"rendered":"<p>Via deux formules adapt\u00e9es \u00e0 vos besoins, O&#8217;Sol vous propose un service complet allant de la conciergerie&nbsp;(ou &#8220;keyholding&#8221;) \u00e0 la gestion locative totale de votre bien immobilier : placement de votre annonce multilingue sur les principales plateformes de location en ligne, contact et suivi des locataires, gestion du planning de r\u00e9servation en ligne, proc\u00e9dures administrative [&hellip;]<\/p>\n","protected":false},"author":2,"featured_media":2562,"parent":0,"menu_order":0,"comment_status":"closed","ping_status":"closed","template":"model-resale.php","meta":{"footnotes":""},"class_list":["post-2339","page","type-page","status-publish","has-post-thumbnail","hentry"],"yoast_head":"<!-- This site is optimized with the Yoast SEO plugin v16.9 - https:\/\/yoast.com\/wordpress\/plugins\/seo\/ -->\n<title>Nos services - O&#039;Sol<\/title>\n<meta name=\"robots\" content=\"index, follow, max-snippet:-1, max-image-preview:large, max-video-preview:-1\" \/>\n<link rel=\"canonical\" href=\"https:\/\/www.osol.es\/nos-services\/\" \/>\n<meta property=\"og:locale\" content=\"en_US\" \/>\n<meta property=\"og:type\" content=\"article\" \/>\n<meta property=\"og:title\" content=\"Nos services - O&#039;Sol\" \/>\n<meta property=\"og:description\" content=\"Via deux formules adapt\u00e9es \u00e0 vos besoins, O&#8217;Sol vous propose un service complet allant de la conciergerie&nbsp;(ou &#8220;keyholding&#8221;) \u00e0 la gestion locative totale de votre bien immobilier : placement de votre annonce multilingue sur les principales plateformes de location en ligne, contact et suivi des locataires, gestion du planning de r\u00e9servation en ligne, proc\u00e9dures administrative [&hellip;]\" \/>\n<meta property=\"og:url\" content=\"https:\/\/www.osol.es\/nos-services\/\" \/>\n<meta property=\"og:site_name\" content=\"O&#039;Sol\" \/>\n<meta property=\"article:modified_time\" content=\"2022-02-15T16:21:15+00:00\" \/>\n<meta property=\"og:image\" content=\"https:\/\/www.osol.es\/wp-content\/uploads\/2021\/10\/V3.jpg\" \/>\n\t<meta property=\"og:image:width\" content=\"1800\" \/>\n\t<meta property=\"og:image:height\" content=\"1200\" \/>\n<meta name=\"twitter:card\" content=\"summary_large_image\" \/>\n<meta name=\"twitter:label1\" content=\"Est. reading time\" \/>\n\t<meta name=\"twitter:data1\" content=\"1 minute\" \/>\n<script type=\"application\/ld+json\" class=\"yoast-schema-graph\">{\"@context\":\"https:\/\/schema.org\",\"@graph\":[{\"@type\":\"WebSite\",\"@id\":\"https:\/\/www.osol.es\/#website\",\"url\":\"https:\/\/www.osol.es\/\",\"name\":\"O&#039;Sol\",\"description\":\"have sun\",\"potentialAction\":[{\"@type\":\"SearchAction\",\"target\":{\"@type\":\"EntryPoint\",\"urlTemplate\":\"https:\/\/www.osol.es\/?s={search_term_string}\"},\"query-input\":\"required name=search_term_string\"}],\"inLanguage\":\"en-US\"},{\"@type\":\"ImageObject\",\"@id\":\"https:\/\/www.osol.es\/nos-services\/#primaryimage\",\"inLanguage\":\"en-US\",\"url\":\"https:\/\/www.osol.es\/wp-content\/uploads\/2021\/10\/V3.jpg\",\"contentUrl\":\"https:\/\/www.osol.es\/wp-content\/uploads\/2021\/10\/V3.jpg\",\"width\":1800,\"height\":1200},{\"@type\":\"WebPage\",\"@id\":\"https:\/\/www.osol.es\/nos-services\/#webpage\",\"url\":\"https:\/\/www.osol.es\/nos-services\/\",\"name\":\"Nos services - O&#039;Sol\",\"isPartOf\":{\"@id\":\"https:\/\/www.osol.es\/#website\"},\"primaryImageOfPage\":{\"@id\":\"https:\/\/www.osol.es\/nos-services\/#primaryimage\"},\"datePublished\":\"2021-09-10T08:19:43+00:00\",\"dateModified\":\"2022-02-15T16:21:15+00:00\",\"breadcrumb\":{\"@id\":\"https:\/\/www.osol.es\/nos-services\/#breadcrumb\"},\"inLanguage\":\"en-US\",\"potentialAction\":[{\"@type\":\"ReadAction\",\"target\":[\"https:\/\/www.osol.es\/nos-services\/\"]}]},{\"@type\":\"BreadcrumbList\",\"@id\":\"https:\/\/www.osol.es\/nos-services\/#breadcrumb\",\"itemListElement\":[{\"@type\":\"ListItem\",\"position\":1,\"name\":\"Accueil\",\"item\":\"https:\/\/www.osol.es\/en\/\"},{\"@type\":\"ListItem\",\"position\":2,\"name\":\"Nos services\"}]}]}<\/script>\n<!-- \/ Yoast SEO plugin. -->","yoast_head_json":{"title":"Nos services - O&#039;Sol","robots":{"index":"index","follow":"follow","max-snippet":"max-snippet:-1","max-image-preview":"max-image-preview:large","max-video-preview":"max-video-preview:-1"},"canonical":"https:\/\/www.osol.es\/nos-services\/","og_locale":"en_US","og_type":"article","og_title":"Nos services - O&#039;Sol","og_description":"Via deux formules adapt\u00e9es \u00e0 vos besoins, O&#8217;Sol vous propose un service complet allant de la conciergerie&nbsp;(ou &#8220;keyholding&#8221;) \u00e0 la gestion locative totale de votre bien immobilier : placement de votre annonce multilingue sur les principales plateformes de location en ligne, contact et suivi des locataires, gestion du planning de r\u00e9servation en ligne, proc\u00e9dures administrative [&hellip;]","og_url":"https:\/\/www.osol.es\/nos-services\/","og_site_name":"O&#039;Sol","article_modified_time":"2022-02-15T16:21:15+00:00","og_image":[{"width":1800,"height":1200,"url":"https:\/\/www.osol.es\/wp-content\/uploads\/2021\/10\/V3.jpg","path":"\/var\/www\/clients\/client0\/web57\/web\/wp-content\/uploads\/2021\/10\/V3.jpg","size":"full","id":2562,"alt":"","pixels":2160000,"type":"image\/jpeg"}],"twitter_card":"summary_large_image","twitter_misc":{"Est. reading time":"1 minute"},"schema":{"@context":"https:\/\/schema.org","@graph":[{"@type":"WebSite","@id":"https:\/\/www.osol.es\/#website","url":"https:\/\/www.osol.es\/","name":"O&#039;Sol","description":"have sun","potentialAction":[{"@type":"SearchAction","target":{"@type":"EntryPoint","urlTemplate":"https:\/\/www.osol.es\/?s={search_term_string}"},"query-input":"required name=search_term_string"}],"inLanguage":"en-US"},{"@type":"ImageObject","@id":"https:\/\/www.osol.es\/nos-services\/#primaryimage","inLanguage":"en-US","url":"https:\/\/www.osol.es\/wp-content\/uploads\/2021\/10\/V3.jpg","contentUrl":"https:\/\/www.osol.es\/wp-content\/uploads\/2021\/10\/V3.jpg","width":1800,"height":1200},{"@type":"WebPage","@id":"https:\/\/www.osol.es\/nos-services\/#webpage","url":"https:\/\/www.osol.es\/nos-services\/","name":"Nos services - O&#039;Sol","isPartOf":{"@id":"https:\/\/www.osol.es\/#website"},"primaryImageOfPage":{"@id":"https:\/\/www.osol.es\/nos-services\/#primaryimage"},"datePublished":"2021-09-10T08:19:43+00:00","dateModified":"2022-02-15T16:21:15+00:00","breadcrumb":{"@id":"https:\/\/www.osol.es\/nos-services\/#breadcrumb"},"inLanguage":"en-US","potentialAction":[{"@type":"ReadAction","target":["https:\/\/www.osol.es\/nos-services\/"]}]},{"@type":"BreadcrumbList","@id":"https:\/\/www.osol.es\/nos-services\/#breadcrumb","itemListElement":[{"@type":"ListItem","position":1,"name":"Accueil","item":"https:\/\/www.osol.es\/en\/"},{"@type":"ListItem","position":2,"name":"Nos services"}]}]}},"_links":{"self":[{"href":"https:\/\/www.osol.es\/en\/wp-json\/wp\/v2\/pages\/2339","targetHints":{"allow":["GET"]}}],"collection":[{"href":"https:\/\/www.osol.es\/en\/wp-json\/wp\/v2\/pages"}],"about":[{"href":"https:\/\/www.osol.es\/en\/wp-json\/wp\/v2\/types\/page"}],"author":[{"embeddable":true,"href":"https:\/\/www.osol.es\/en\/wp-json\/wp\/v2\/users\/2"}],"replies":[{"embeddable":true,"href":"https:\/\/www.osol.es\/en\/wp-json\/wp\/v2\/comments?post=2339"}],"version-history":[{"count":34,"href":"https:\/\/www.osol.es\/en\/wp-json\/wp\/v2\/pages\/2339\/revisions"}],"predecessor-version":[{"id":2809,"href":"https:\/\/www.osol.es\/en\/wp-json\/wp\/v2\/pages\/2339\/revisions\/2809"}],"wp:featuredmedia":[{"embeddable":true,"href":"https:\/\/www.osol.es\/en\/wp-json\/wp\/v2\/media\/2562"}],"wp:attachment":[{"href":"https:\/\/www.osol.es\/en\/wp-json\/wp\/v2\/media?parent=2339"}],"curies":[{"name":"wp","href":"https:\/\/api.w.org\/{rel}","templated":true}]}}