{"id":2340,"date":"2021-09-10T10:19:43","date_gmt":"2021-09-10T08:19:43","guid":{"rendered":"https:\/\/osolwp.brainmade.io\/nos-services\/"},"modified":"2022-02-21T11:08:21","modified_gmt":"2022-02-21T10:08:21","slug":"nos-services","status":"publish","type":"page","link":"https:\/\/www.osol.es\/es\/nos-services\/","title":{"rendered":"Nuestros servicios"},"content":{"rendered":"\t\t<div data-elementor-type=\"wp-page\" data-elementor-id=\"2340\" class=\"elementor elementor-2340 elementor-2336\" data-elementor-settings=\"[]\">\n\t\t\t\t\t\t\t<div class=\"elementor-section-wrap\">\n\t\t\t\t\t\t\t<section class=\"elementor-section elementor-top-section elementor-element elementor-element-bdc5619 elementor-section-boxed elementor-section-height-default elementor-section-height-default\" data-id=\"bdc5619\" data-element_type=\"section\">\n\t\t\t\t\t\t<div class=\"elementor-container elementor-column-gap-default\">\n\t\t\t\t\t<div class=\"elementor-column elementor-col-100 elementor-top-column elementor-element elementor-element-fe44258\" data-id=\"fe44258\" data-element_type=\"column\">\n\t\t\t<div class=\"elementor-widget-wrap elementor-element-populated\">\n\t\t\t\t\t\t\t\t<div class=\"elementor-element elementor-element-b5757d4 elementor-widget elementor-widget-text-editor\" data-id=\"b5757d4\" data-element_type=\"widget\" data-widget_type=\"text-editor.default\">\n\t\t\t\t<div class=\"elementor-widget-container\">\n\t\t\t\t\t\t\t\t<p>A trav\u00e9s de dos f\u00f3rmulas adaptadas a sus necesidades, O&#8217;Sol le ofrece un servicio completo que va desde la <strong>conserjer\u00eda<\/strong> (o &#8220;keyholding&#8221;) hasta la <strong>gesti\u00f3n total del alquiler<\/strong> de su propiedad: publicaci\u00f3n de su anuncio multiling\u00fce en las principales plataformas de alquiler online, contacto y seguimiento de inquilinos, gesti\u00f3n del calendario de reservas online, gestiones administrativas y financieras, recepci\u00f3n de inquilinos e inventario, mantenimiento de tu propiedad&#8230; \u00a1Gracias a O&#8217;Sol, alquilar tu piso est\u00e1 en las mejores manos!<\/p>\t\t\t\t\t\t<\/div>\n\t\t\t\t<\/div>\n\t\t\t\t\t<\/div>\n\t\t<\/div>\n\t\t\t\t\t\t\t<\/div>\n\t\t<\/section>\n\t\t\t\t<section class=\"elementor-section elementor-top-section elementor-element elementor-element-75d7ae9 elementor-section-boxed elementor-section-height-default elementor-section-height-default\" data-id=\"75d7ae9\" data-element_type=\"section\">\n\t\t\t\t\t\t<div class=\"elementor-container elementor-column-gap-default\">\n\t\t\t\t\t<div class=\"elementor-column elementor-col-50 elementor-top-column elementor-element elementor-element-47ad3f8\" data-id=\"47ad3f8\" data-element_type=\"column\">\n\t\t\t<div class=\"elementor-widget-wrap elementor-element-populated\">\n\t\t\t\t\t\t\t\t<div class=\"elementor-element elementor-element-b0fbf87 elementor-widget elementor-widget-image\" data-id=\"b0fbf87\" data-element_type=\"widget\" data-widget_type=\"image.default\">\n\t\t\t\t<div class=\"elementor-widget-container\">\n\t\t\t\t\t\t\t\t\t\t\t\t\t\t\t<img loading=\"lazy\" decoding=\"async\" width=\"500\" height=\"500\" src=\"https:\/\/www.osol.es\/wp-content\/uploads\/2021\/10\/Osol-Proprietaires.svg\" class=\"attachment-thumbnail size-thumbnail\" alt=\"\" \/>\t\t\t\t\t\t\t\t\t\t\t\t\t\t\t<\/div>\n\t\t\t\t<\/div>\n\t\t\t\t<div class=\"elementor-element elementor-element-09ed28c elementor-cta--skin-classic elementor-animated-content elementor-bg-transform elementor-bg-transform-zoom-in elementor-widget elementor-widget-call-to-action\" data-id=\"09ed28c\" data-element_type=\"widget\" data-widget_type=\"call-to-action.default\">\n\t\t\t\t<div class=\"elementor-widget-container\">\n\t\t\t\t\t<div  class=\"elementor-cta\">\n\t\t\t\t\t\t\t<div class=\"elementor-cta__content\">\n\t\t\t\t\n\t\t\t\t\t\t\t\t\t<h2 class=\"elementor-cta__title elementor-cta__content-item elementor-content-item\">\n\t\t\t\t\t\tSoy propietario\t\t\t\t\t<\/h2>\n\t\t\t\t\n\t\t\t\t\t\t\t\t\t<div class=\"elementor-cta__description elementor-cta__content-item elementor-content-item\">\n\t\t\t\t\t\t<p>Quiero que gestionan mi vivienda.<\/p>\n<br>\t\t\t\t\t<\/div>\n\t\t\t\t\n\t\t\t\t\t\t\t\t\t<div class=\"elementor-cta__button-wrapper elementor-cta__content-item elementor-content-item \">\n\t\t\t\t\t<a class=\"elementor-cta__button elementor-button elementor-size-sm\" href=\"https:\/\/osolwp.brainmade.io\/es\/contact\/\">\n\t\t\t\t\t\tContactar con nosotros \t\t\t\t\t<\/a>\n\t\t\t\t\t<\/div>\n\t\t\t\t\t\t\t<\/div>\n\t\t\t\t\t\t<\/div>\n\t\t\t\t<\/div>\n\t\t\t\t<\/div>\n\t\t\t\t\t<\/div>\n\t\t<\/div>\n\t\t\t\t<div class=\"elementor-column elementor-col-50 elementor-top-column elementor-element elementor-element-2a0e7c3\" data-id=\"2a0e7c3\" data-element_type=\"column\">\n\t\t\t<div class=\"elementor-widget-wrap elementor-element-populated\">\n\t\t\t\t\t\t\t\t<div class=\"elementor-element elementor-element-850e69f elementor-widget elementor-widget-image\" data-id=\"850e69f\" data-element_type=\"widget\" data-widget_type=\"image.default\">\n\t\t\t\t<div class=\"elementor-widget-container\">\n\t\t\t\t\t\t\t\t\t\t\t\t\t\t\t<img loading=\"lazy\" decoding=\"async\" width=\"500\" height=\"500\" src=\"https:\/\/www.osol.es\/wp-content\/uploads\/2021\/10\/Osol-Locatiares.svg\" class=\"attachment-thumbnail size-thumbnail\" alt=\"\" \/>\t\t\t\t\t\t\t\t\t\t\t\t\t\t\t<\/div>\n\t\t\t\t<\/div>\n\t\t\t\t<div class=\"elementor-element elementor-element-56072ad elementor-cta--skin-classic elementor-animated-content elementor-bg-transform elementor-bg-transform-zoom-in elementor-widget elementor-widget-call-to-action\" data-id=\"56072ad\" data-element_type=\"widget\" data-widget_type=\"call-to-action.default\">\n\t\t\t\t<div class=\"elementor-widget-container\">\n\t\t\t\t\t<div  class=\"elementor-cta\">\n\t\t\t\t\t\t\t<div class=\"elementor-cta__content\">\n\t\t\t\t\n\t\t\t\t\t\t\t\t\t<h2 class=\"elementor-cta__title elementor-cta__content-item elementor-content-item\">\n\t\t\t\t\t\tJe suis locataire -\t\t\t\t\t<\/h2>\n\t\t\t\t\n\t\t\t\t\t\t\t\t\t<div class=\"elementor-cta__description elementor-cta__content-item elementor-content-item\">\n\t\t\t\t\t\t<p>Busco una casa, un apartamento cerca al mar en Las Costas Blanca, la Costa de Almeria et la Costa Calida.<span style=\"font-family: var( --e-global-typography-text-font-family ), Sans-serif;\"><\/span><\/p>\t\t\t\t\t<\/div>\n\t\t\t\t\n\t\t\t\t\t\t\t\t\t<div class=\"elementor-cta__button-wrapper elementor-cta__content-item elementor-content-item \">\n\t\t\t\t\t<a class=\"elementor-cta__button elementor-button elementor-size-sm\" href=\"https:\/\/booking.osol.es\">\n\t\t\t\t\t\tConsulter les appartements et villas \u00e0 louer\t\t\t\t\t<\/a>\n\t\t\t\t\t<\/div>\n\t\t\t\t\t\t\t<\/div>\n\t\t\t\t\t\t<\/div>\n\t\t\t\t<\/div>\n\t\t\t\t<\/div>\n\t\t\t\t\t<\/div>\n\t\t<\/div>\n\t\t\t\t\t\t\t<\/div>\n\t\t<\/section>\n\t\t\t\t\t\t<\/div>\n\t\t\t\t\t<\/div>\n\t\t","protected":false},"excerpt":{"rendered":"<p>A trav\u00e9s de dos f\u00f3rmulas adaptadas a sus necesidades, O&#8217;Sol le ofrece un servicio completo que va desde la conserjer\u00eda (o &#8220;keyholding&#8221;) hasta la gesti\u00f3n total del alquiler de su propiedad: publicaci\u00f3n de su anuncio multiling\u00fce en las principales plataformas de alquiler online, contacto y seguimiento de inquilinos, gesti\u00f3n del calendario de reservas online, gestiones [&hellip;]<\/p>\n","protected":false},"author":2,"featured_media":2563,"parent":0,"menu_order":0,"comment_status":"closed","ping_status":"closed","template":"model-resale.php","meta":{"footnotes":""},"class_list":["post-2340","page","type-page","status-publish","has-post-thumbnail","hentry"],"yoast_head":"<!-- This site is optimized with the Yoast SEO plugin v16.9 - https:\/\/yoast.com\/wordpress\/plugins\/seo\/ -->\n<title>Nuestros servicios - O&#039;Sol<\/title>\n<meta name=\"robots\" content=\"index, follow, max-snippet:-1, max-image-preview:large, max-video-preview:-1\" \/>\n<link rel=\"canonical\" href=\"https:\/\/www.osol.es\/es\/nos-services\/\" \/>\n<meta property=\"og:locale\" content=\"es_ES\" \/>\n<meta property=\"og:type\" content=\"article\" \/>\n<meta property=\"og:title\" content=\"Nuestros servicios - O&#039;Sol\" \/>\n<meta property=\"og:description\" content=\"A trav\u00e9s de dos f\u00f3rmulas adaptadas a sus necesidades, O&#8217;Sol le ofrece un servicio completo que va desde la conserjer\u00eda (o &#8220;keyholding&#8221;) hasta la gesti\u00f3n total del alquiler de su propiedad: publicaci\u00f3n de su anuncio multiling\u00fce en las principales plataformas de alquiler online, contacto y seguimiento de inquilinos, gesti\u00f3n del calendario de reservas online, gestiones [&hellip;]\" \/>\n<meta property=\"og:url\" content=\"https:\/\/www.osol.es\/es\/nos-services\/\" \/>\n<meta property=\"og:site_name\" content=\"O&#039;Sol\" \/>\n<meta property=\"article:modified_time\" content=\"2022-02-21T10:08:21+00:00\" \/>\n<meta property=\"og:image\" content=\"https:\/\/www.osol.es\/wp-content\/uploads\/2021\/10\/V3.jpg\" \/>\n\t<meta property=\"og:image:width\" content=\"1800\" \/>\n\t<meta property=\"og:image:height\" content=\"1200\" \/>\n<meta name=\"twitter:card\" content=\"summary_large_image\" \/>\n<meta name=\"twitter:label1\" content=\"Est. reading time\" \/>\n\t<meta name=\"twitter:data1\" content=\"1 minute\" \/>\n<script type=\"application\/ld+json\" class=\"yoast-schema-graph\">{\"@context\":\"https:\/\/schema.org\",\"@graph\":[{\"@type\":\"WebSite\",\"@id\":\"https:\/\/www.osol.es\/#website\",\"url\":\"https:\/\/www.osol.es\/\",\"name\":\"O&#039;Sol\",\"description\":\"have sun\",\"potentialAction\":[{\"@type\":\"SearchAction\",\"target\":{\"@type\":\"EntryPoint\",\"urlTemplate\":\"https:\/\/www.osol.es\/?s={search_term_string}\"},\"query-input\":\"required name=search_term_string\"}],\"inLanguage\":\"es-ES\"},{\"@type\":\"ImageObject\",\"@id\":\"https:\/\/www.osol.es\/es\/nos-services\/#primaryimage\",\"inLanguage\":\"es-ES\",\"url\":\"https:\/\/www.osol.es\/wp-content\/uploads\/2021\/10\/V3.jpg\",\"contentUrl\":\"https:\/\/www.osol.es\/wp-content\/uploads\/2021\/10\/V3.jpg\",\"width\":1800,\"height\":1200},{\"@type\":\"WebPage\",\"@id\":\"https:\/\/www.osol.es\/es\/nos-services\/#webpage\",\"url\":\"https:\/\/www.osol.es\/es\/nos-services\/\",\"name\":\"Nuestros servicios - O&#039;Sol\",\"isPartOf\":{\"@id\":\"https:\/\/www.osol.es\/#website\"},\"primaryImageOfPage\":{\"@id\":\"https:\/\/www.osol.es\/es\/nos-services\/#primaryimage\"},\"datePublished\":\"2021-09-10T08:19:43+00:00\",\"dateModified\":\"2022-02-21T10:08:21+00:00\",\"breadcrumb\":{\"@id\":\"https:\/\/www.osol.es\/es\/nos-services\/#breadcrumb\"},\"inLanguage\":\"es-ES\",\"potentialAction\":[{\"@type\":\"ReadAction\",\"target\":[\"https:\/\/www.osol.es\/es\/nos-services\/\"]}]},{\"@type\":\"BreadcrumbList\",\"@id\":\"https:\/\/www.osol.es\/es\/nos-services\/#breadcrumb\",\"itemListElement\":[{\"@type\":\"ListItem\",\"position\":1,\"name\":\"Accueil\",\"item\":\"https:\/\/www.osol.es\/es\/\"},{\"@type\":\"ListItem\",\"position\":2,\"name\":\"Nuestros servicios\"}]}]}<\/script>\n<!-- \/ Yoast SEO plugin. -->","yoast_head_json":{"title":"Nuestros servicios - O&#039;Sol","robots":{"index":"index","follow":"follow","max-snippet":"max-snippet:-1","max-image-preview":"max-image-preview:large","max-video-preview":"max-video-preview:-1"},"canonical":"https:\/\/www.osol.es\/es\/nos-services\/","og_locale":"es_ES","og_type":"article","og_title":"Nuestros servicios - O&#039;Sol","og_description":"A trav\u00e9s de dos f\u00f3rmulas adaptadas a sus necesidades, O&#8217;Sol le ofrece un servicio completo que va desde la conserjer\u00eda (o &#8220;keyholding&#8221;) hasta la gesti\u00f3n total del alquiler de su propiedad: publicaci\u00f3n de su anuncio multiling\u00fce en las principales plataformas de alquiler online, contacto y seguimiento de inquilinos, gesti\u00f3n del calendario de reservas online, gestiones [&hellip;]","og_url":"https:\/\/www.osol.es\/es\/nos-services\/","og_site_name":"O&#039;Sol","article_modified_time":"2022-02-21T10:08:21+00:00","og_image":[{"width":1800,"height":1200,"url":"https:\/\/www.osol.es\/wp-content\/uploads\/2021\/10\/V3.jpg","path":"\/var\/www\/clients\/client0\/web57\/web\/wp-content\/uploads\/2021\/10\/V3.jpg","size":"full","id":2563,"alt":"","pixels":2160000,"type":"image\/jpeg"}],"twitter_card":"summary_large_image","twitter_misc":{"Est. reading time":"1 minute"},"schema":{"@context":"https:\/\/schema.org","@graph":[{"@type":"WebSite","@id":"https:\/\/www.osol.es\/#website","url":"https:\/\/www.osol.es\/","name":"O&#039;Sol","description":"have sun","potentialAction":[{"@type":"SearchAction","target":{"@type":"EntryPoint","urlTemplate":"https:\/\/www.osol.es\/?s={search_term_string}"},"query-input":"required name=search_term_string"}],"inLanguage":"es-ES"},{"@type":"ImageObject","@id":"https:\/\/www.osol.es\/es\/nos-services\/#primaryimage","inLanguage":"es-ES","url":"https:\/\/www.osol.es\/wp-content\/uploads\/2021\/10\/V3.jpg","contentUrl":"https:\/\/www.osol.es\/wp-content\/uploads\/2021\/10\/V3.jpg","width":1800,"height":1200},{"@type":"WebPage","@id":"https:\/\/www.osol.es\/es\/nos-services\/#webpage","url":"https:\/\/www.osol.es\/es\/nos-services\/","name":"Nuestros servicios - O&#039;Sol","isPartOf":{"@id":"https:\/\/www.osol.es\/#website"},"primaryImageOfPage":{"@id":"https:\/\/www.osol.es\/es\/nos-services\/#primaryimage"},"datePublished":"2021-09-10T08:19:43+00:00","dateModified":"2022-02-21T10:08:21+00:00","breadcrumb":{"@id":"https:\/\/www.osol.es\/es\/nos-services\/#breadcrumb"},"inLanguage":"es-ES","potentialAction":[{"@type":"ReadAction","target":["https:\/\/www.osol.es\/es\/nos-services\/"]}]},{"@type":"BreadcrumbList","@id":"https:\/\/www.osol.es\/es\/nos-services\/#breadcrumb","itemListElement":[{"@type":"ListItem","position":1,"name":"Accueil","item":"https:\/\/www.osol.es\/es\/"},{"@type":"ListItem","position":2,"name":"Nuestros servicios"}]}]}},"_links":{"self":[{"href":"https:\/\/www.osol.es\/es\/wp-json\/wp\/v2\/pages\/2340","targetHints":{"allow":["GET"]}}],"collection":[{"href":"https:\/\/www.osol.es\/es\/wp-json\/wp\/v2\/pages"}],"about":[{"href":"https:\/\/www.osol.es\/es\/wp-json\/wp\/v2\/types\/page"}],"author":[{"embeddable":true,"href":"https:\/\/www.osol.es\/es\/wp-json\/wp\/v2\/users\/2"}],"replies":[{"embeddable":true,"href":"https:\/\/www.osol.es\/es\/wp-json\/wp\/v2\/comments?post=2340"}],"version-history":[{"count":27,"href":"https:\/\/www.osol.es\/es\/wp-json\/wp\/v2\/pages\/2340\/revisions"}],"predecessor-version":[{"id":2836,"href":"https:\/\/www.osol.es\/es\/wp-json\/wp\/v2\/pages\/2340\/revisions\/2836"}],"wp:featuredmedia":[{"embeddable":true,"href":"https:\/\/www.osol.es\/es\/wp-json\/wp\/v2\/media\/2563"}],"wp:attachment":[{"href":"https:\/\/www.osol.es\/es\/wp-json\/wp\/v2\/media?parent=2340"}],"curies":[{"name":"wp","href":"https:\/\/api.w.org\/{rel}","templated":true}]}}