{"id":2378,"date":"2021-09-10T14:46:53","date_gmt":"2021-09-10T12:46:53","guid":{"rendered":"https:\/\/osolwp.brainmade.io\/avis-legal\/"},"modified":"2021-09-13T13:47:17","modified_gmt":"2021-09-13T11:47:17","slug":"avis-legal","status":"publish","type":"page","link":"https:\/\/www.osol.es\/es\/avis-legal\/","title":{"rendered":"AVISO LEGAL"},"content":{"rendered":"\n<p>O`Sol le informa que el acceso y el uso de esta p\u00e1gina&nbsp; web, as\u00ed como los servicios y \/ o contenidos obtenidos o que pueden obtenerse a trav\u00e9s de ella, est\u00e1n sujetos a los t\u00e9rminos detallados en este Aviso Legal. Por lo tanto, si no est\u00e1 de acuerdo con las consideraciones enumeradas a continuaci\u00f3n, no use esta p\u00e1gina web, ya que cualquier uso que haga de ella o de los contenidos y \/ o servicios incluidos en ella implicar\u00e1 la aceptaci\u00f3n de los t\u00e9rminos legales contenidos en este texto. La navegaci\u00f3n por la p\u00e1gina web de O`Sol atribuye la condici\u00f3n de usuario de la misma e implica la aceptaci\u00f3n plena y sin reservas de todas y cada una de las disposiciones incluidas en este Aviso Legal, que pueden sufrir modificaciones.<\/p>\n\n\n\n<p>El usuario est\u00e1 obligado a hacer un uso correcto de la p\u00e1gina web de conformidad con la ley, la buena fe, el orden p\u00fablico, el uso del tr\u00e1fico y este Aviso legal. El usuario ser\u00e1 responsable ante O`Sol o ante terceros por cualquier da\u00f1o que pueda ser causado como resultado del incumplimiento de esta obligaci\u00f3n.<\/p>\n\n\n\n<p>O`Sol, se reserva el derecho de realizar cambios en la p\u00e1gina web sin previo aviso, con el fin de actualizar, corregir, modificar, agregar o eliminar el contenido de la misma. Por lo tanto, las condiciones y los t\u00e9rminos inclu\u00eddos en esta secci\u00f3n pueden cambiar en cualquier momento. Por lo tanto, lo invitamos a revisar estos t\u00e9rminos cuando visite esta p\u00e1gina web nuevamente. Dicha modificaci\u00f3n se aplicar\u00e1 tan pronto como est\u00e9 disponible para los usuarios.<\/p>\n\n\n\n<p>&nbsp;O`Sol no es responsable de ning\u00fan da\u00f1o causado por el usuario, debido a un uso err\u00f3neo o incorrecto en las relaciones con terceros, siendo la \u00fanica y exclusiva responsabilidad la del usuario. Adem\u00e1s, O`Sol no se hace responsable bajo ninguna circunstancia de los da\u00f1os y perjuicios de cualquier tipo que puedan ser causados, por ejemplo, como resultado de la transmisi\u00f3n de un virus o programas maliciosos, a pesar de haber tomado todas las medidas tecnol\u00f3gicas necesarias para prevenirlo.<\/p>\n\n\n\n<p>&nbsp;El usuario se compromete a no utilizar la p\u00e1gina web de O`Sol de manera contraria a lo dispuesto en la legislaci\u00f3n vigente. Si el usuario decide no aceptar este Aviso Legal, debe abstenerse de acceder y \/ o usar los contenidos y \/ o servicios ofrecidos por O`Sol a trav\u00e9s de su p\u00e1gina web.<\/p>\n\n\n\n<p>ACCESO Y USO<\/p>\n\n\n\n<p>El acceso a nuestra p\u00e1gina web es gratuito y abierto, a excepci\u00f3n del coste de conexi\u00f3n a la red de telecomunicaciones proporcionado por el operador contratado por cada usuario. El simple acceso a la web no implica ning\u00fan tipo de relaci\u00f3n comercial entre O`Sol y el usuario de la misma. El usuario garantiza la autenticidad y la puntualidad de todos los datos que comunica y ser\u00e1 el \u00fanico responsable de cualquier declaraci\u00f3n falsa o inexacta realizada. El usuario acepta expresamente hacer un uso apropiado de los contenidos y servicios de O`Sol y no usarlos para, entre otros:<\/p>\n\n\n\n<p>a) Difundir contenido que sea criminal, violento, pornogr\u00e1fico, racista, xen\u00f3fobo, ofensivo, defensor del terrorismo o, en general, contrario a la ley o al orden p\u00fablico.<\/p>\n\n\n\n<p>b) Introducir virus inform\u00e1ticos en la red o realizar acciones que puedan alterar, da\u00f1ar, interrumpir o generar errores o da\u00f1os en los documentos electr\u00f3nicos, datos o sistemas f\u00edsicos y l\u00f3gicos de O`Sol o de terceros; as\u00ed como obstaculizar el acceso de otros usuarios a la p\u00e1gina web y sus servicios a trav\u00e9s del consumo masivo de recursos inform\u00e1ticos a trav\u00e9s de los cuales O`Sol proporciona sus servicios.<\/p>\n\n\n\n<p>c) Violar los derechos de propiedad intelectual o industrial, as\u00ed como violar la confidencialidad de la informaci\u00f3n de O`Sol o de terceros.<\/p>\n\n\n\n<p>&nbsp;d) Reproducir, copiar, distribuir, poner a disposici\u00f3n o de cualquier otra forma comunicar p\u00fablicamente, transformar o modificar los contenidos, a menos que se haya obtenido la autorizaci\u00f3n del titular de los derechos correspondientes o esto est\u00e9 legalmente permitido.<\/p>\n\n\n\n<p>&nbsp;e) Recopilar datos con fines publicitarios y enviar publicidad de cualquier tipo y comunicaciones para ventas u otros fines comerciales sin previa solicitud o consentimiento.<\/p>\n\n\n\n<p>PROPIEDAD INTELECTUAL<\/p>\n\n\n\n<p>O`Sol, por s\u00ed mismo o como cesionario, es el propietario de todos los derechos de propiedad intelectual e industrial de su p\u00e1gina web, as\u00ed como de los elementos que contiene (incluidos, entre otros, im\u00e1genes, texto, marcas registradas o logotipos, combinaciones de colores, estructura y dise\u00f1o) de su propiedad o de sus licenciantes. Todos los derechos reservados. La reproducci\u00f3n, transformaci\u00f3n, distribuci\u00f3n y comunicaci\u00f3n p\u00fablica, incluida la forma en que se pone a disposici\u00f3n, de la totalidad o parte de los contenidos de esta p\u00e1gina web, con fines comerciales, en cualquier medio y por cualquier medio t\u00e9cnico, sin la autorizaci\u00f3n previa por escrito de O`Sol est\u00e1 expresamente prohibido. El incumplimiento de lo anterior dar\u00e1 derecho a O`Sol a tomar las medidas legales apropiadas. El usuario se compromete a respetar los derechos de propiedad intelectual e industrial de O`Sol, como propietario o cesionario. Puede ver los elementos de la p\u00e1gina web e incluso imprimirlos, copiarlos y almacenarlos en el disco duro de su ordenador o en cualquier otro medio f\u00edsico, siempre que sea \u00fanica y exclusivamente para su uso personal y privado.<\/p>\n\n\n\n<p>&nbsp;La distribuci\u00f3n, modificaci\u00f3n, transferencia o comunicaci\u00f3n p\u00fablica de&nbsp; los contenidos y cualquier otro acto que no haya sido expresamente autorizado por el titular de los derechos de explotaci\u00f3n quedan prohibidos.<\/p>\n\n\n\n<p>Hiperv\u00ednculos<\/p>\n\n\n\n<p>El establecimiento de un hiperv\u00ednculo no implica en ning\u00fan caso la existencia de relaciones entre O`Sol y el propietario del sitio web en el que se establece, ni la aceptaci\u00f3n y aprobaci\u00f3n por parte de O`Sol de sus contenidos o servicios. Quienes tengan la intenci\u00f3n de establecer un hiperv\u00ednculo deben solicitar previamente una autorizaci\u00f3n por escrito de O`Sol.<\/p>\n\n\n\n<p>GARANT\u00cdAS Y RESPONSABILIDAD<\/p>\n\n\n\n<p>O`Sol excluye, en la medida permitida por la ley, cualquier responsabilidad por da\u00f1os de cualquier tipo que surjan de:<\/p>\n\n\n\n<p>&nbsp;a) La imposibilidad de acceder a la p\u00e1gina web o la falta de veracidad, exactitud, integridad y \/ o actualidad de los contenidos, as\u00ed como la existencia de vicios y defectos de cualquier tipo en los contenidos transmitidos, difundidos, almacenados, puestos a disposici\u00f3n de quienes han accedido a trav\u00e9s de la p\u00e1gina web o los servicios ofrecidos.<\/p>\n\n\n\n<p>b) La presencia de virus u otros elementos en los contenidos que pueden causar alteraciones en los sistemas inform\u00e1ticos, documentos electr\u00f3nicos o datos de los usuarios.<\/p>\n\n\n\n<p>&nbsp;c) El incumplimiento de la ley, la buena fe, el orden p\u00fablico, el uso del tr\u00e1fico y este aviso legal como resultado del uso incorrecto de la p\u00e1gina web. En particular, y a modo de ejemplo, O`Sol no es responsable de las acciones de terceros que violen los derechos de propiedad intelectual e industrial, secretos comerciales, derechos de honor, privacidad e imagen personal y familiar, as\u00ed como las regulaciones sobre competencia desleal y publicidad il\u00edcita. As\u00ed mismo, O`Sol declina cualquier responsabilidad con respecto a la informaci\u00f3n que se encuentra fuera de esta p\u00e1gina web y que no es administrada directamente por nuestro web m\u00e1ster. El objetivo de los enlaces que aparecen en esta p\u00e1gina web es exclusivamente informar al usuario sobre la existencia de otras fuentes que pueden ampliar los contenidos ofrecidos en esta p\u00e1gina web. O`Sol no garantiza ni es responsable de la operaci\u00f3n o accesibilidad de los sitios vinculados.<\/p>\n\n\n\n<p>JURISDICCI\u00d3N<\/p>\n\n\n\n<p>La ley aplicable en caso de disputa o conflicto de interpretaci\u00f3n de los t\u00e9rminos que componen este Aviso Legal, as\u00ed como cualquier tema relacionado con los servicios y \/ o contenidos proporcionados en esta p\u00e1gina web, ser\u00e1 la ley de Espa\u00f1a. Para la resoluci\u00f3n de cualquier conflicto que pueda surgir del uso y acceso a la web y \/ o servicios o contenidos que se puede ofrecer, O`Sol y el usuario acuerdan someterse a los tribunales y tribunales competentes seg\u00fan la ley.<\/p>\n","protected":false},"excerpt":{"rendered":"<p>O`Sol le informa que el acceso y el uso de esta p\u00e1gina&nbsp; web, as\u00ed como los servicios y \/ o contenidos obtenidos o que pueden obtenerse a trav\u00e9s de ella, est\u00e1n sujetos a los t\u00e9rminos detallados en este Aviso Legal. Por lo tanto, si no est\u00e1 de acuerdo con las consideraciones enumeradas a continuaci\u00f3n, no [&hellip;]<\/p>\n","protected":false},"author":2,"featured_media":0,"parent":0,"menu_order":0,"comment_status":"closed","ping_status":"closed","template":"","meta":{"footnotes":""},"class_list":["post-2378","page","type-page","status-publish","hentry"],"yoast_head":"<!-- This site is optimized with the Yoast SEO plugin v16.9 - https:\/\/yoast.com\/wordpress\/plugins\/seo\/ -->\n<title>AVISO LEGAL - O&#039;Sol<\/title>\n<meta name=\"robots\" content=\"index, follow, max-snippet:-1, max-image-preview:large, max-video-preview:-1\" \/>\n<link rel=\"canonical\" href=\"https:\/\/www.osol.es\/es\/avis-legal\/\" \/>\n<meta property=\"og:locale\" content=\"es_ES\" \/>\n<meta property=\"og:type\" content=\"article\" \/>\n<meta property=\"og:title\" content=\"AVISO LEGAL - O&#039;Sol\" \/>\n<meta property=\"og:description\" content=\"O`Sol le informa que el acceso y el uso de esta p\u00e1gina&nbsp; web, as\u00ed como los servicios y \/ o contenidos obtenidos o que pueden obtenerse a trav\u00e9s de ella, est\u00e1n sujetos a los t\u00e9rminos detallados en este Aviso Legal. Por lo tanto, si no est\u00e1 de acuerdo con las consideraciones enumeradas a continuaci\u00f3n, no [&hellip;]\" \/>\n<meta property=\"og:url\" content=\"https:\/\/www.osol.es\/es\/avis-legal\/\" \/>\n<meta property=\"og:site_name\" content=\"O&#039;Sol\" \/>\n<meta property=\"article:modified_time\" content=\"2021-09-13T11:47:17+00:00\" \/>\n<meta name=\"twitter:card\" content=\"summary_large_image\" \/>\n<meta name=\"twitter:label1\" content=\"Est. reading time\" \/>\n\t<meta name=\"twitter:data1\" content=\"6 minutes\" \/>\n<script type=\"application\/ld+json\" class=\"yoast-schema-graph\">{\"@context\":\"https:\/\/schema.org\",\"@graph\":[{\"@type\":\"WebSite\",\"@id\":\"https:\/\/www.osol.es\/#website\",\"url\":\"https:\/\/www.osol.es\/\",\"name\":\"O&#039;Sol\",\"description\":\"have sun\",\"potentialAction\":[{\"@type\":\"SearchAction\",\"target\":{\"@type\":\"EntryPoint\",\"urlTemplate\":\"https:\/\/www.osol.es\/?s={search_term_string}\"},\"query-input\":\"required name=search_term_string\"}],\"inLanguage\":\"es-ES\"},{\"@type\":\"WebPage\",\"@id\":\"https:\/\/www.osol.es\/es\/avis-legal\/#webpage\",\"url\":\"https:\/\/www.osol.es\/es\/avis-legal\/\",\"name\":\"AVISO LEGAL - O&#039;Sol\",\"isPartOf\":{\"@id\":\"https:\/\/www.osol.es\/#website\"},\"datePublished\":\"2021-09-10T12:46:53+00:00\",\"dateModified\":\"2021-09-13T11:47:17+00:00\",\"breadcrumb\":{\"@id\":\"https:\/\/www.osol.es\/es\/avis-legal\/#breadcrumb\"},\"inLanguage\":\"es-ES\",\"potentialAction\":[{\"@type\":\"ReadAction\",\"target\":[\"https:\/\/www.osol.es\/es\/avis-legal\/\"]}]},{\"@type\":\"BreadcrumbList\",\"@id\":\"https:\/\/www.osol.es\/es\/avis-legal\/#breadcrumb\",\"itemListElement\":[{\"@type\":\"ListItem\",\"position\":1,\"name\":\"Accueil\",\"item\":\"https:\/\/www.osol.es\/es\/\"},{\"@type\":\"ListItem\",\"position\":2,\"name\":\"AVISO LEGAL\"}]}]}<\/script>\n<!-- \/ Yoast SEO plugin. -->","yoast_head_json":{"title":"AVISO LEGAL - O&#039;Sol","robots":{"index":"index","follow":"follow","max-snippet":"max-snippet:-1","max-image-preview":"max-image-preview:large","max-video-preview":"max-video-preview:-1"},"canonical":"https:\/\/www.osol.es\/es\/avis-legal\/","og_locale":"es_ES","og_type":"article","og_title":"AVISO LEGAL - O&#039;Sol","og_description":"O`Sol le informa que el acceso y el uso de esta p\u00e1gina&nbsp; web, as\u00ed como los servicios y \/ o contenidos obtenidos o que pueden obtenerse a trav\u00e9s de ella, est\u00e1n sujetos a los t\u00e9rminos detallados en este Aviso Legal. Por lo tanto, si no est\u00e1 de acuerdo con las consideraciones enumeradas a continuaci\u00f3n, no [&hellip;]","og_url":"https:\/\/www.osol.es\/es\/avis-legal\/","og_site_name":"O&#039;Sol","article_modified_time":"2021-09-13T11:47:17+00:00","twitter_card":"summary_large_image","twitter_misc":{"Est. reading time":"6 minutes"},"schema":{"@context":"https:\/\/schema.org","@graph":[{"@type":"WebSite","@id":"https:\/\/www.osol.es\/#website","url":"https:\/\/www.osol.es\/","name":"O&#039;Sol","description":"have sun","potentialAction":[{"@type":"SearchAction","target":{"@type":"EntryPoint","urlTemplate":"https:\/\/www.osol.es\/?s={search_term_string}"},"query-input":"required name=search_term_string"}],"inLanguage":"es-ES"},{"@type":"WebPage","@id":"https:\/\/www.osol.es\/es\/avis-legal\/#webpage","url":"https:\/\/www.osol.es\/es\/avis-legal\/","name":"AVISO LEGAL - O&#039;Sol","isPartOf":{"@id":"https:\/\/www.osol.es\/#website"},"datePublished":"2021-09-10T12:46:53+00:00","dateModified":"2021-09-13T11:47:17+00:00","breadcrumb":{"@id":"https:\/\/www.osol.es\/es\/avis-legal\/#breadcrumb"},"inLanguage":"es-ES","potentialAction":[{"@type":"ReadAction","target":["https:\/\/www.osol.es\/es\/avis-legal\/"]}]},{"@type":"BreadcrumbList","@id":"https:\/\/www.osol.es\/es\/avis-legal\/#breadcrumb","itemListElement":[{"@type":"ListItem","position":1,"name":"Accueil","item":"https:\/\/www.osol.es\/es\/"},{"@type":"ListItem","position":2,"name":"AVISO LEGAL"}]}]}},"_links":{"self":[{"href":"https:\/\/www.osol.es\/es\/wp-json\/wp\/v2\/pages\/2378","targetHints":{"allow":["GET"]}}],"collection":[{"href":"https:\/\/www.osol.es\/es\/wp-json\/wp\/v2\/pages"}],"about":[{"href":"https:\/\/www.osol.es\/es\/wp-json\/wp\/v2\/types\/page"}],"author":[{"embeddable":true,"href":"https:\/\/www.osol.es\/es\/wp-json\/wp\/v2\/users\/2"}],"replies":[{"embeddable":true,"href":"https:\/\/www.osol.es\/es\/wp-json\/wp\/v2\/comments?post=2378"}],"version-history":[{"count":2,"href":"https:\/\/www.osol.es\/es\/wp-json\/wp\/v2\/pages\/2378\/revisions"}],"predecessor-version":[{"id":2414,"href":"https:\/\/www.osol.es\/es\/wp-json\/wp\/v2\/pages\/2378\/revisions\/2414"}],"wp:attachment":[{"href":"https:\/\/www.osol.es\/es\/wp-json\/wp\/v2\/media?parent=2378"}],"curies":[{"name":"wp","href":"https:\/\/api.w.org\/{rel}","templated":true}]}}