{"id":2383,"date":"2021-09-10T14:47:49","date_gmt":"2021-09-10T12:47:49","guid":{"rendered":"https:\/\/osolwp.brainmade.io\/conditions-de-location\/"},"modified":"2021-09-13T13:55:41","modified_gmt":"2021-09-13T11:55:41","slug":"conditions-de-location","status":"publish","type":"page","link":"https:\/\/www.osol.es\/es\/conditions-de-location\/","title":{"rendered":"Condiciones de reservas"},"content":{"rendered":"\n<p>Al reservar una propiedad, entrar\u00e1n en vigencia las siguientes condiciones generales, que rigen el contrato de alquiler de alojamiento de temporada entre usted y la propiedad, con la intermediaci\u00f3n de O&#8217;sol ( CIF: ESY4149884P):<\/p>\n\n\n\n<ul class=\"wp-block-list\"><li><strong>CONDICIONES DE PAGO Y CONTRATACI\u00d3N<\/strong><\/li><\/ul>\n\n\n\n<p>Su reserva ser\u00e1 confirmada una vez que haya recibido el formulario de reserva correctamente completado. Al pagar el dep\u00f3sito del 30%, el cliente (inquilino) declara simult\u00e1neamente que ha le\u00eddo y comprendido las condiciones generales de alquiler de O&#8217;sol y que las acepta.<\/p>\n\n\n\n<ul class=\"wp-block-list\"><li><strong>M\u00c9TODO DE PAGO<\/strong><\/li><\/ul>\n\n\n\n<ul class=\"wp-block-list\"><li>Un dep\u00f3sito para confirmar la reserva mediante transferencia bancaria o mediante la plataforma de reservas online de la web&nbsp;<a href=\"http:\/\/www.osol.es\/\">osol.es<\/a>.<\/li><\/ul>\n\n\n\n<p>O&#8217;Sol tiene derecho a cancelar la reserva si el pago no se ha realizado dentro de los diez d\u00edas posteriores al env\u00edo del formulario de reserva y la factura.<\/p>\n\n\n\n<ul class=\"wp-block-list\"><li>El saldo se pagar\u00e1 el d\u00eda del check-in &#8211; Solo con tarjeta de cr\u00e9dito.<\/li><\/ul>\n\n\n\n<ul class=\"wp-block-list\"><li><strong>Check-in y check-out<\/strong><\/li><\/ul>\n\n\n\n<p>&nbsp;\u21d2La hora de llegada ser\u00e1 a las 16H00 (pm). &nbsp;Su persona de contacto se comunicar\u00e1 con usted unos d\u00edas antes de la llegada para conocer su hora de llegada.<\/p>\n\n\n\n<p>Si planea llegar antes de las 16H00 (pm), el equipo de O&#8217;sol har\u00e1 los arreglos para recibirle a su llegada anticipada, pero no lo puede garantizar.<\/p>\n\n\n\n<p>&nbsp;\u21d2La hora de salida es a las 10H00 (am) Esa hora solo podr\u00e1 superarse en caso de solicitud realizada por correo electr\u00f3nico a:&nbsp;<a href=\"mailto:info@osol.es\">info@osol.es<\/a>&nbsp;y debe ser confirmada por O\u2019sol.<\/p>\n\n\n\n<ul class=\"wp-block-list\"><li><strong>CANCELACI\u00d3N DEL CONTRATO POR PARTE DEL CLIENTE<\/strong><\/li><\/ul>\n\n\n\n<p>El cliente tiene derecho a cancelar la reserva bajo las siguientes condiciones:<\/p>\n\n\n\n<p><strong>&nbsp;&#8211; 60 d\u00edas o m\u00e1s antes de la llegada:<\/strong><\/p>\n\n\n\n<p>O\u2019Sol se compromete a reembolsar el dep\u00f3sito del 30%. No obstante, la agencia O\u2019Sol retendr\u00e1 la comisi\u00f3n de gesti\u00f3n de 25 \u20ac.<\/p>\n\n\n\n<p><strong>&#8211; Pasado este plazo, no se realizar\u00e1 ning\u00fan reembolso.<\/strong><\/p>\n\n\n\n<p>Sin embargo, la agencia O&#8217;sol puede ofrecerle un VOUCHER por el importe del dep\u00f3sito v\u00e1lido para una reserva futura. El VOUCHER caduca despu\u00e9s de 1 a\u00f1o. Todas las cancelaciones deben enviarse por escrito a&nbsp;<a href=\"mailto:info@osol.es\">info@osol.es<\/a>.<\/p>\n\n\n\n<p>En caso de fuerza mayor (COVID-19, fallecimiento, restricciones gubernamentales), O&#8217;sol acepta cancelar la reserva sin cargo y reembolsar el dep\u00f3sito completo.<\/p>\n\n\n\n<ul class=\"wp-block-list\"><li><strong>ALTERNATIVA O RESOLUCI\u00d3N DEL CONTRATO POR O&#8217;SOL<\/strong><\/li><\/ul>\n\n\n\n<p>En caso de fuerza mayor o imposibilidad de alquilar el alojamiento previamente reservado, O&#8217;Sol ofrecer\u00e1 la posibilidad de elegir (si es posible) entre la sustituci\u00f3n del alojamiento por otro de similares caracter\u00edsticas, o bien de cancelar el contrato reembolsando al cliente.<\/p>\n\n\n\n<ul class=\"wp-block-list\"><li><strong>OBLIGACIONES DEL CLIENTE<\/strong><\/li><\/ul>\n\n\n\n<p>&nbsp;\u2192 Se entrega un dep\u00f3sito al administrador durante toda la duraci\u00f3n del alquiler. Este ser\u00e1 devuelto al inquilino dentro de los 7 d\u00edas siguientes a la fecha de finalizaci\u00f3n del alquiler.<\/p>\n\n\n\n<p>\u2192&nbsp;El administrador tiene derecho a deducir una parte o la totalidad del dep\u00f3sito en caso de que se detecten defectos en el alojamiento como resultado del alquiler.<\/p>\n\n\n\n<p>\u2192&nbsp;En caso de p\u00e9rdida de llaves entregadas durante el check-in, se descontar\u00e1 del dep\u00f3sito una cantidad de 50 \u20ac.<\/p>\n\n\n\n<p>\u2192&nbsp;En caso de intervenci\u00f3n accesoria del administrador, tiene derecho a tomar parte del dep\u00f3sito &#8211; Con justificaci\u00f3n.<\/p>\n\n\n\n<p>\u2192&nbsp;El inquilino se compromete a respetar el n\u00famero m\u00e1ximo de ocupantes permitido en el alojamiento. En caso contrario, el administrador tiene derecho a deducir una parte o la totalidad del dep\u00f3sito.<\/p>\n\n\n\n<p>\u2192&nbsp;El d\u00eda de la salida, el inquilino se compromete a dejar el alojamiento en un estado correcto &#8211; Las basuras deben tirarse. En caso contrario, se descontar\u00e1 de la fianza un importe m\u00e1ximo de 75 \u20ac.<\/p>\n\n\n\n<ul class=\"wp-block-list\"><li><strong>LOS CARGOS INCLUYEN<\/strong><\/li><\/ul>\n\n\n\n<p>&nbsp;&nbsp;El precio incluye un juego de s\u00e1banas y toallas por persona as\u00ed como la limpieza de final de estancia.<\/p>\n\n\n\n<ul class=\"wp-block-list\"><li><strong>RECLAMACI\u00d3NES<\/strong><\/li><\/ul>\n\n\n\n<p>&nbsp;&nbsp;Las horas de reclamaciones est\u00e1n disponibles para los clientes.<\/p>\n\n\n\n<ul class=\"wp-block-list\"><li><strong>RESPONSABILIDADES<\/strong><\/li><\/ul>\n\n\n\n<p>O&#8217;sol no asume ninguna responsabilidad en los siguientes casos:<\/p>\n\n\n\n<ul class=\"wp-block-list\"><li>Negligencia u omisi\u00f3n de servicios imputable a un tercero.<\/li><li>Mal funcionamiento de piscinas, parques infantiles e instalaciones deportivas de todo tipo &#8211; En el caso de inmuebles ubicados en copropiedad<\/li><li>Robos en el alojamiento.<\/li><li>Lesiones personales o da\u00f1os materiales causados \u200b\u200bpor fuerza mayor.<\/li><li>Cada inquilino es responsable de su propia seguridad, as\u00ed como la de los menores que ocupan la propiedad alquilada. O\u2019Sol no se hace responsable de ning\u00fan accidente que ocurra durante el per\u00edodo de alquiler.&nbsp;<\/li><\/ul>\n\n\n\n<ul class=\"wp-block-list\"><li><strong>VIGENCIA Y JURISDICCI\u00d3N COMPETENTE<\/strong><\/li><\/ul>\n\n\n\n<p>Elecci\u00f3n de fuero y ley aplicable Contrario a las normas legales relativas a la competencia del juez civil, cualquier controversia entre el proveedor y el contratista o el cliente ser\u00e1 sometida exclusivamente al juez competente del pa\u00eds y la comunidad donde se establezca el alojamiento.<\/p>\n\n\n\n<ul class=\"wp-block-list\"><li><strong>POL\u00cdTICA DE CONFIDENCIALIDAD<\/strong><\/li><\/ul>\n\n\n\n<p><em><u>\u00bfQu\u00e9 informaci\u00f3n personal recopilamos de las personas que visitan nuestro sitio web?<\/u><\/em><\/p>\n\n\n\n<p>Al hacer una reserva, es posible que se le solicite que ingrese su nombre, direcci\u00f3n de correo electr\u00f3nico, direcci\u00f3n postal, n\u00famero de tel\u00e9fono u otra informaci\u00f3n para procesar su reserva.<\/p>\n\n\n\n<p><em><u>\u00bfCu\u00e1ndo recopilamos su informaci\u00f3n?<\/u><\/em><\/p>\n\n\n\n<p>Cuando haces una reserva; al enviar una solicitud a nuestro sitio; Inscr\u00edbase al bolet\u00edn.<\/p>\n\n\n\n<p><em><u>&nbsp;C\u00f3mo usamos su informaci\u00f3n ?<\/u><\/em><\/p>\n\n\n\n<ul class=\"wp-block-list\"><li>Mejorar nuestro sitio web para brindarle un mejor servicio.<\/li><li>Trate sus solicitudes r\u00e1pidamente.<\/li><\/ul>\n\n\n\n<p><em><u>Recopilamos su direcci\u00f3n de correo electr\u00f3nico para:<\/u><\/em><\/p>\n\n\n\n<ul class=\"wp-block-list\"><li>Enviar informaci\u00f3n, responder consultas y \/ o cualquier otra solicitud.<\/li><li>El proceso de reserva y env\u00edo de informaci\u00f3n y actualizaciones sobre la actualizaci\u00f3n del pedido. \u2022<\/li><li>Tambi\u00e9n podemos enviarle informaci\u00f3n adicional sobre su reserva.<\/li><\/ul>\n\n\n\n<p><em><u>\u00bfC\u00f3mo protegemos la informaci\u00f3n del visitante?<\/u><\/em><\/p>\n\n\n\n<p>Su informaci\u00f3n personal est\u00e1 contenida en redes seguras y solo es accesible para un n\u00famero limitado de personas que tienen derechos de acceso. Todas las transacciones con tarjeta de cr\u00e9dito son procesadas por un proveedor de puerta de enlace segura y no se almacenan ni procesan en nuestros servidores.<\/p>\n\n\n\n<ul class=\"wp-block-list\"><li><strong>Divulgaci\u00f3n a terceros<\/strong><\/li><\/ul>\n\n\n\n<p>&nbsp;No vendemos ni compartimos su informaci\u00f3n personal con terceros, excepto cuando lo solicite expresamente. Esto no se aplica a los sitios web que alojan socios y otras partes que puedan colaborar en el sitio web, ofreciendo sus servicios, siempre que dichas partes se comprometan a mantener la confidencialidad de dicha informaci\u00f3n. Podemos divulgar su informaci\u00f3n seg\u00fan sea necesario para cumplir con la ley, hacer cumplir las pol\u00edticas de nuestro sitio o proteger nuestros derechos, propiedad o la seguridad de otros.&nbsp;<\/p>\n","protected":false},"excerpt":{"rendered":"<p>Al reservar una propiedad, entrar\u00e1n en vigencia las siguientes condiciones generales, que rigen el contrato de alquiler de alojamiento de temporada entre usted y la propiedad, con la intermediaci\u00f3n de O&#8217;sol ( CIF: ESY4149884P): CONDICIONES DE PAGO Y CONTRATACI\u00d3N Su reserva ser\u00e1 confirmada una vez que haya recibido el formulario de reserva correctamente completado. Al [&hellip;]<\/p>\n","protected":false},"author":2,"featured_media":0,"parent":0,"menu_order":0,"comment_status":"closed","ping_status":"closed","template":"","meta":{"footnotes":""},"class_list":["post-2383","page","type-page","status-publish","hentry"],"yoast_head":"<!-- This site is optimized with the Yoast SEO plugin v16.9 - https:\/\/yoast.com\/wordpress\/plugins\/seo\/ -->\n<title>Condiciones de reservas - O&#039;Sol<\/title>\n<meta name=\"robots\" content=\"index, follow, max-snippet:-1, max-image-preview:large, max-video-preview:-1\" \/>\n<link rel=\"canonical\" href=\"https:\/\/www.osol.es\/es\/conditions-de-location\/\" \/>\n<meta property=\"og:locale\" content=\"es_ES\" \/>\n<meta property=\"og:type\" content=\"article\" \/>\n<meta property=\"og:title\" content=\"Condiciones de reservas - O&#039;Sol\" \/>\n<meta property=\"og:description\" content=\"Al reservar una propiedad, entrar\u00e1n en vigencia las siguientes condiciones generales, que rigen el contrato de alquiler de alojamiento de temporada entre usted y la propiedad, con la intermediaci\u00f3n de O&#8217;sol ( CIF: ESY4149884P): CONDICIONES DE PAGO Y CONTRATACI\u00d3N Su reserva ser\u00e1 confirmada una vez que haya recibido el formulario de reserva correctamente completado. Al [&hellip;]\" \/>\n<meta property=\"og:url\" content=\"https:\/\/www.osol.es\/es\/conditions-de-location\/\" \/>\n<meta property=\"og:site_name\" content=\"O&#039;Sol\" \/>\n<meta property=\"article:modified_time\" content=\"2021-09-13T11:55:41+00:00\" \/>\n<meta name=\"twitter:card\" content=\"summary_large_image\" \/>\n<meta name=\"twitter:label1\" content=\"Est. reading time\" \/>\n\t<meta name=\"twitter:data1\" content=\"5 minutes\" \/>\n<script type=\"application\/ld+json\" class=\"yoast-schema-graph\">{\"@context\":\"https:\/\/schema.org\",\"@graph\":[{\"@type\":\"WebSite\",\"@id\":\"https:\/\/www.osol.es\/#website\",\"url\":\"https:\/\/www.osol.es\/\",\"name\":\"O&#039;Sol\",\"description\":\"have sun\",\"potentialAction\":[{\"@type\":\"SearchAction\",\"target\":{\"@type\":\"EntryPoint\",\"urlTemplate\":\"https:\/\/www.osol.es\/?s={search_term_string}\"},\"query-input\":\"required name=search_term_string\"}],\"inLanguage\":\"es-ES\"},{\"@type\":\"WebPage\",\"@id\":\"https:\/\/www.osol.es\/es\/conditions-de-location\/#webpage\",\"url\":\"https:\/\/www.osol.es\/es\/conditions-de-location\/\",\"name\":\"Condiciones de reservas - O&#039;Sol\",\"isPartOf\":{\"@id\":\"https:\/\/www.osol.es\/#website\"},\"datePublished\":\"2021-09-10T12:47:49+00:00\",\"dateModified\":\"2021-09-13T11:55:41+00:00\",\"breadcrumb\":{\"@id\":\"https:\/\/www.osol.es\/es\/conditions-de-location\/#breadcrumb\"},\"inLanguage\":\"es-ES\",\"potentialAction\":[{\"@type\":\"ReadAction\",\"target\":[\"https:\/\/www.osol.es\/es\/conditions-de-location\/\"]}]},{\"@type\":\"BreadcrumbList\",\"@id\":\"https:\/\/www.osol.es\/es\/conditions-de-location\/#breadcrumb\",\"itemListElement\":[{\"@type\":\"ListItem\",\"position\":1,\"name\":\"Accueil\",\"item\":\"https:\/\/www.osol.es\/es\/\"},{\"@type\":\"ListItem\",\"position\":2,\"name\":\"Condiciones de reservas\"}]}]}<\/script>\n<!-- \/ Yoast SEO plugin. -->","yoast_head_json":{"title":"Condiciones de reservas - O&#039;Sol","robots":{"index":"index","follow":"follow","max-snippet":"max-snippet:-1","max-image-preview":"max-image-preview:large","max-video-preview":"max-video-preview:-1"},"canonical":"https:\/\/www.osol.es\/es\/conditions-de-location\/","og_locale":"es_ES","og_type":"article","og_title":"Condiciones de reservas - O&#039;Sol","og_description":"Al reservar una propiedad, entrar\u00e1n en vigencia las siguientes condiciones generales, que rigen el contrato de alquiler de alojamiento de temporada entre usted y la propiedad, con la intermediaci\u00f3n de O&#8217;sol ( CIF: ESY4149884P): CONDICIONES DE PAGO Y CONTRATACI\u00d3N Su reserva ser\u00e1 confirmada una vez que haya recibido el formulario de reserva correctamente completado. Al [&hellip;]","og_url":"https:\/\/www.osol.es\/es\/conditions-de-location\/","og_site_name":"O&#039;Sol","article_modified_time":"2021-09-13T11:55:41+00:00","twitter_card":"summary_large_image","twitter_misc":{"Est. reading time":"5 minutes"},"schema":{"@context":"https:\/\/schema.org","@graph":[{"@type":"WebSite","@id":"https:\/\/www.osol.es\/#website","url":"https:\/\/www.osol.es\/","name":"O&#039;Sol","description":"have sun","potentialAction":[{"@type":"SearchAction","target":{"@type":"EntryPoint","urlTemplate":"https:\/\/www.osol.es\/?s={search_term_string}"},"query-input":"required name=search_term_string"}],"inLanguage":"es-ES"},{"@type":"WebPage","@id":"https:\/\/www.osol.es\/es\/conditions-de-location\/#webpage","url":"https:\/\/www.osol.es\/es\/conditions-de-location\/","name":"Condiciones de reservas - O&#039;Sol","isPartOf":{"@id":"https:\/\/www.osol.es\/#website"},"datePublished":"2021-09-10T12:47:49+00:00","dateModified":"2021-09-13T11:55:41+00:00","breadcrumb":{"@id":"https:\/\/www.osol.es\/es\/conditions-de-location\/#breadcrumb"},"inLanguage":"es-ES","potentialAction":[{"@type":"ReadAction","target":["https:\/\/www.osol.es\/es\/conditions-de-location\/"]}]},{"@type":"BreadcrumbList","@id":"https:\/\/www.osol.es\/es\/conditions-de-location\/#breadcrumb","itemListElement":[{"@type":"ListItem","position":1,"name":"Accueil","item":"https:\/\/www.osol.es\/es\/"},{"@type":"ListItem","position":2,"name":"Condiciones de reservas"}]}]}},"_links":{"self":[{"href":"https:\/\/www.osol.es\/es\/wp-json\/wp\/v2\/pages\/2383","targetHints":{"allow":["GET"]}}],"collection":[{"href":"https:\/\/www.osol.es\/es\/wp-json\/wp\/v2\/pages"}],"about":[{"href":"https:\/\/www.osol.es\/es\/wp-json\/wp\/v2\/types\/page"}],"author":[{"embeddable":true,"href":"https:\/\/www.osol.es\/es\/wp-json\/wp\/v2\/users\/2"}],"replies":[{"embeddable":true,"href":"https:\/\/www.osol.es\/es\/wp-json\/wp\/v2\/comments?post=2383"}],"version-history":[{"count":3,"href":"https:\/\/www.osol.es\/es\/wp-json\/wp\/v2\/pages\/2383\/revisions"}],"predecessor-version":[{"id":2422,"href":"https:\/\/www.osol.es\/es\/wp-json\/wp\/v2\/pages\/2383\/revisions\/2422"}],"wp:attachment":[{"href":"https:\/\/www.osol.es\/es\/wp-json\/wp\/v2\/media?parent=2383"}],"curies":[{"name":"wp","href":"https:\/\/api.w.org\/{rel}","templated":true}]}}