{"id":256,"date":"2021-05-11T16:35:10","date_gmt":"2021-05-11T14:35:10","guid":{"rendered":"https:\/\/www.osol.es\/agence\/"},"modified":"2022-02-15T17:29:57","modified_gmt":"2022-02-15T16:29:57","slug":"agence","status":"publish","type":"page","link":"https:\/\/www.osol.es\/es\/agence\/","title":{"rendered":"Nuestra agencia"},"content":{"rendered":"\t\t<div data-elementor-type=\"wp-page\" data-elementor-id=\"256\" class=\"elementor elementor-256 elementor-126\" data-elementor-settings=\"[]\">\n\t\t\t\t\t\t\t<div class=\"elementor-section-wrap\">\n\t\t\t\t\t\t\t<section class=\"elementor-section elementor-top-section elementor-element elementor-element-28f7c0d elementor-section-boxed elementor-section-height-default elementor-section-height-default\" data-id=\"28f7c0d\" data-element_type=\"section\">\n\t\t\t\t\t\t<div class=\"elementor-container elementor-column-gap-default\">\n\t\t\t\t\t<div class=\"elementor-column elementor-col-100 elementor-top-column elementor-element elementor-element-8344299\" data-id=\"8344299\" data-element_type=\"column\">\n\t\t\t<div class=\"elementor-widget-wrap elementor-element-populated\">\n\t\t\t\t\t\t\t\t<div class=\"elementor-element elementor-element-84f97c5 elementor-widget elementor-widget-heading\" data-id=\"84f97c5\" data-element_type=\"widget\" data-widget_type=\"heading.default\">\n\t\t\t\t<div class=\"elementor-widget-container\">\n\t\t\t<h2 class=\"elementor-heading-title elementor-size-default\">\u00bfQui\u00e9n es somos&nbsp;?<\/h2>\t\t<\/div>\n\t\t\t\t<\/div>\n\t\t\t\t\t<\/div>\n\t\t<\/div>\n\t\t\t\t\t\t\t<\/div>\n\t\t<\/section>\n\t\t\t\t<section class=\"elementor-section elementor-top-section elementor-element elementor-element-974410c elementor-section-boxed elementor-section-height-default elementor-section-height-default\" data-id=\"974410c\" data-element_type=\"section\">\n\t\t\t\t\t\t<div class=\"elementor-container elementor-column-gap-default\">\n\t\t\t\t\t<div class=\"elementor-column elementor-col-50 elementor-top-column elementor-element elementor-element-cc6170a\" data-id=\"cc6170a\" data-element_type=\"column\">\n\t\t\t<div class=\"elementor-widget-wrap elementor-element-populated\">\n\t\t\t\t\t\t\t\t<div class=\"elementor-element elementor-element-ca35746 elementor-widget elementor-widget-text-editor\" data-id=\"ca35746\" data-element_type=\"widget\" data-widget_type=\"text-editor.default\">\n\t\t\t\t<div class=\"elementor-widget-container\">\n\t\t\t\t\t\t\t\t<p>O&#8217;Sol es una agencia inmobiliaria con <strong>una s\u00f3lida presencia<\/strong> en la Costa Blanca, Costa C\u00e1lida y Costa Almer\u00eda.<\/p><p>Sus fundadores, Charlotte y Nicolas Roggemans, dos belgas expatriados en Espa\u00f1a, han trabajado durante 8 a\u00f1os en el sector inmobiliario espa\u00f1ol.<\/p><p>En 2018 fundaron O\u2019Sol, una agencia que ofrece a los propietarios en Espa\u00f1a un servicio de alquiler y custodia de llaves.<\/p><p>En 2021, aprovechan su conocimiento del sector inmobiliario espa\u00f1ol para crear <span style=\"color: #ffcc00;\">O&#8217;Sales<\/span>, una agencia que permite a los propietarios <strong>vender r\u00e1pidamente<\/strong> su propiedad en Espa\u00f1a.<\/p>\t\t\t\t\t\t<\/div>\n\t\t\t\t<\/div>\n\t\t\t\t\t<\/div>\n\t\t<\/div>\n\t\t\t\t<div class=\"elementor-column elementor-col-50 elementor-top-column elementor-element elementor-element-4a3bbc2\" data-id=\"4a3bbc2\" data-element_type=\"column\">\n\t\t\t<div class=\"elementor-widget-wrap elementor-element-populated\">\n\t\t\t\t\t\t\t\t<div class=\"elementor-element elementor-element-a68880a elementor-widget elementor-widget-image\" data-id=\"a68880a\" data-element_type=\"widget\" data-widget_type=\"image.default\">\n\t\t\t\t<div class=\"elementor-widget-container\">\n\t\t\t\t\t\t\t\t\t\t\t\t\t\t\t<img loading=\"lazy\" decoding=\"async\" width=\"1024\" height=\"683\" src=\"https:\/\/www.osol.es\/wp-content\/uploads\/2021\/10\/V3-1-1024x683.jpg\" class=\"attachment-large size-large\" alt=\"\" srcset=\"https:\/\/www.osol.es\/wp-content\/uploads\/2021\/10\/V3-1-1024x683.jpg 1024w, https:\/\/www.osol.es\/wp-content\/uploads\/2021\/10\/V3-1-300x200.jpg 300w, https:\/\/www.osol.es\/wp-content\/uploads\/2021\/10\/V3-1-768x512.jpg 768w, https:\/\/www.osol.es\/wp-content\/uploads\/2021\/10\/V3-1-1536x1024.jpg 1536w, https:\/\/www.osol.es\/wp-content\/uploads\/2021\/10\/V3-1.jpg 1800w\" sizes=\"auto, (max-width: 1024px) 100vw, 1024px\" \/>\t\t\t\t\t\t\t\t\t\t\t\t\t\t\t<\/div>\n\t\t\t\t<\/div>\n\t\t\t\t\t<\/div>\n\t\t<\/div>\n\t\t\t\t\t\t\t<\/div>\n\t\t<\/section>\n\t\t\t\t<section class=\"elementor-section elementor-top-section elementor-element elementor-element-49be189 elementor-section-boxed elementor-section-height-default elementor-section-height-default\" data-id=\"49be189\" data-element_type=\"section\">\n\t\t\t\t\t\t<div class=\"elementor-container elementor-column-gap-default\">\n\t\t\t\t\t<div class=\"elementor-column elementor-col-100 elementor-top-column elementor-element elementor-element-30c393f\" data-id=\"30c393f\" data-element_type=\"column\">\n\t\t\t<div class=\"elementor-widget-wrap elementor-element-populated\">\n\t\t\t\t\t\t\t\t<div class=\"elementor-element elementor-element-8659e69 elementor-widget elementor-widget-heading\" data-id=\"8659e69\" data-element_type=\"widget\" data-widget_type=\"heading.default\">\n\t\t\t\t<div class=\"elementor-widget-container\">\n\t\t\t<h2 class=\"elementor-heading-title elementor-size-default\">O\u2019Sol, \u00bfporque nosotros?<\/h2>\t\t<\/div>\n\t\t\t\t<\/div>\n\t\t\t\t\t<\/div>\n\t\t<\/div>\n\t\t\t\t\t\t\t<\/div>\n\t\t<\/section>\n\t\t\t\t<section class=\"elementor-section elementor-top-section elementor-element elementor-element-5055873 elementor-section-boxed elementor-section-height-default elementor-section-height-default\" data-id=\"5055873\" data-element_type=\"section\">\n\t\t\t\t\t\t<div class=\"elementor-container elementor-column-gap-default\">\n\t\t\t\t\t<div class=\"elementor-column elementor-col-100 elementor-top-column elementor-element elementor-element-bb2286d\" data-id=\"bb2286d\" data-element_type=\"column\">\n\t\t\t<div class=\"elementor-widget-wrap elementor-element-populated\">\n\t\t\t\t\t\t\t\t<div class=\"elementor-element elementor-element-73aad13 elementor-widget elementor-widget-text-editor\" data-id=\"73aad13\" data-element_type=\"widget\" data-widget_type=\"text-editor.default\">\n\t\t\t\t<div class=\"elementor-widget-container\">\n\t\t\t\t\t\t\t\t<p>La agencia O&#8217;Sol se encarga <strong>de toda la gesti\u00f3n del alquiler<\/strong> de tu propiedad para que ya no tengas que preocuparte de nada.<\/p><p>Nuestro equipo prepara minuciosamente la publicaci\u00f3n de tu alojamiento en <strong>las principales plataformas de alquiler<\/strong> (Booking, Air BnB, VRBO, Locasun, Holidu&#8230;). Su propiedad se presenta de la mejor manera gracias a un <strong>reportaje fotogr\u00e1fico profesional<\/strong> enriquecido con una descripci\u00f3n en <strong>varios idiomas<\/strong> para garantizar su visibilidad \u00f3ptima en las plataformas internacionales.<\/p>\t\t\t\t\t\t<\/div>\n\t\t\t\t<\/div>\n\t\t\t\t\t<\/div>\n\t\t<\/div>\n\t\t\t\t\t\t\t<\/div>\n\t\t<\/section>\n\t\t\t\t<section class=\"elementor-section elementor-top-section elementor-element elementor-element-1ba89be elementor-section-boxed elementor-section-height-default elementor-section-height-default\" data-id=\"1ba89be\" data-element_type=\"section\">\n\t\t\t\t\t\t<div class=\"elementor-container elementor-column-gap-default\">\n\t\t\t\t\t<div class=\"elementor-column elementor-col-20 elementor-top-column elementor-element elementor-element-e1d95fc\" data-id=\"e1d95fc\" data-element_type=\"column\">\n\t\t\t<div class=\"elementor-widget-wrap elementor-element-populated\">\n\t\t\t\t\t\t\t\t<div class=\"elementor-element elementor-element-0bd089d elementor-widget elementor-widget-image\" data-id=\"0bd089d\" data-element_type=\"widget\" data-widget_type=\"image.default\">\n\t\t\t\t<div class=\"elementor-widget-container\">\n\t\t\t\t\t\t\t\t\t\t\t\t\t\t\t<img loading=\"lazy\" decoding=\"async\" width=\"200\" height=\"200\" src=\"https:\/\/www.osol.es\/wp-content\/uploads\/2021\/10\/2.png\" class=\"attachment-large size-large\" alt=\"\" srcset=\"https:\/\/www.osol.es\/wp-content\/uploads\/2021\/10\/2.png 200w, https:\/\/www.osol.es\/wp-content\/uploads\/2021\/10\/2-150x150.png 150w\" sizes=\"auto, (max-width: 200px) 100vw, 200px\" \/>\t\t\t\t\t\t\t\t\t\t\t\t\t\t\t<\/div>\n\t\t\t\t<\/div>\n\t\t\t\t\t<\/div>\n\t\t<\/div>\n\t\t\t\t<div class=\"elementor-column elementor-col-20 elementor-top-column elementor-element elementor-element-b1032e9\" data-id=\"b1032e9\" data-element_type=\"column\">\n\t\t\t<div class=\"elementor-widget-wrap elementor-element-populated\">\n\t\t\t\t\t\t\t\t<div class=\"elementor-element elementor-element-df0fb3a elementor-widget elementor-widget-image\" data-id=\"df0fb3a\" data-element_type=\"widget\" data-widget_type=\"image.default\">\n\t\t\t\t<div class=\"elementor-widget-container\">\n\t\t\t\t\t\t\t\t\t\t\t\t\t\t\t<img loading=\"lazy\" decoding=\"async\" width=\"200\" height=\"200\" src=\"https:\/\/www.osol.es\/wp-content\/uploads\/2021\/10\/3.png\" class=\"attachment-large size-large\" alt=\"\" srcset=\"https:\/\/www.osol.es\/wp-content\/uploads\/2021\/10\/3.png 200w, https:\/\/www.osol.es\/wp-content\/uploads\/2021\/10\/3-150x150.png 150w\" sizes=\"auto, (max-width: 200px) 100vw, 200px\" \/>\t\t\t\t\t\t\t\t\t\t\t\t\t\t\t<\/div>\n\t\t\t\t<\/div>\n\t\t\t\t\t<\/div>\n\t\t<\/div>\n\t\t\t\t<div class=\"elementor-column elementor-col-20 elementor-top-column elementor-element elementor-element-c7d2b72\" data-id=\"c7d2b72\" data-element_type=\"column\">\n\t\t\t<div class=\"elementor-widget-wrap elementor-element-populated\">\n\t\t\t\t\t\t\t\t<div class=\"elementor-element elementor-element-063d92c elementor-widget elementor-widget-image\" data-id=\"063d92c\" data-element_type=\"widget\" data-widget_type=\"image.default\">\n\t\t\t\t<div class=\"elementor-widget-container\">\n\t\t\t\t\t\t\t\t\t\t\t\t\t\t\t<img loading=\"lazy\" decoding=\"async\" width=\"200\" height=\"200\" src=\"https:\/\/www.osol.es\/wp-content\/uploads\/2021\/10\/1.png\" class=\"attachment-large size-large\" alt=\"\" srcset=\"https:\/\/www.osol.es\/wp-content\/uploads\/2021\/10\/1.png 200w, https:\/\/www.osol.es\/wp-content\/uploads\/2021\/10\/1-150x150.png 150w\" sizes=\"auto, (max-width: 200px) 100vw, 200px\" \/>\t\t\t\t\t\t\t\t\t\t\t\t\t\t\t<\/div>\n\t\t\t\t<\/div>\n\t\t\t\t\t<\/div>\n\t\t<\/div>\n\t\t\t\t<div class=\"elementor-column elementor-col-20 elementor-top-column elementor-element elementor-element-8b4635f\" data-id=\"8b4635f\" data-element_type=\"column\">\n\t\t\t<div class=\"elementor-widget-wrap elementor-element-populated\">\n\t\t\t\t\t\t\t\t<div class=\"elementor-element elementor-element-64f1bb7 elementor-widget elementor-widget-image\" data-id=\"64f1bb7\" data-element_type=\"widget\" data-widget_type=\"image.default\">\n\t\t\t\t<div class=\"elementor-widget-container\">\n\t\t\t\t\t\t\t\t\t\t\t\t\t\t\t<img loading=\"lazy\" decoding=\"async\" width=\"200\" height=\"200\" src=\"https:\/\/www.osol.es\/wp-content\/uploads\/2021\/10\/5.png\" class=\"attachment-large size-large\" alt=\"\" srcset=\"https:\/\/www.osol.es\/wp-content\/uploads\/2021\/10\/5.png 200w, https:\/\/www.osol.es\/wp-content\/uploads\/2021\/10\/5-150x150.png 150w\" sizes=\"auto, (max-width: 200px) 100vw, 200px\" \/>\t\t\t\t\t\t\t\t\t\t\t\t\t\t\t<\/div>\n\t\t\t\t<\/div>\n\t\t\t\t\t<\/div>\n\t\t<\/div>\n\t\t\t\t<div class=\"elementor-column elementor-col-20 elementor-top-column elementor-element elementor-element-6fd0344\" data-id=\"6fd0344\" data-element_type=\"column\">\n\t\t\t<div class=\"elementor-widget-wrap elementor-element-populated\">\n\t\t\t\t\t\t\t\t<div class=\"elementor-element elementor-element-e49334b elementor-widget elementor-widget-image\" data-id=\"e49334b\" data-element_type=\"widget\" data-widget_type=\"image.default\">\n\t\t\t\t<div class=\"elementor-widget-container\">\n\t\t\t\t\t\t\t\t\t\t\t\t\t\t\t<img loading=\"lazy\" decoding=\"async\" width=\"200\" height=\"200\" src=\"https:\/\/www.osol.es\/wp-content\/uploads\/2021\/10\/4-1.png\" class=\"attachment-large size-large\" alt=\"\" srcset=\"https:\/\/www.osol.es\/wp-content\/uploads\/2021\/10\/4-1.png 200w, https:\/\/www.osol.es\/wp-content\/uploads\/2021\/10\/4-1-150x150.png 150w\" sizes=\"auto, (max-width: 200px) 100vw, 200px\" \/>\t\t\t\t\t\t\t\t\t\t\t\t\t\t\t<\/div>\n\t\t\t\t<\/div>\n\t\t\t\t\t<\/div>\n\t\t<\/div>\n\t\t\t\t\t\t\t<\/div>\n\t\t<\/section>\n\t\t\t\t<section class=\"elementor-section elementor-top-section elementor-element elementor-element-fdc69d5 elementor-section-boxed elementor-section-height-default elementor-section-height-default\" data-id=\"fdc69d5\" data-element_type=\"section\">\n\t\t\t\t\t\t<div class=\"elementor-container elementor-column-gap-default\">\n\t\t\t\t\t<div class=\"elementor-column elementor-col-100 elementor-top-column elementor-element elementor-element-9f1bb48\" data-id=\"9f1bb48\" data-element_type=\"column\">\n\t\t\t<div class=\"elementor-widget-wrap elementor-element-populated\">\n\t\t\t\t\t\t\t\t<div class=\"elementor-element elementor-element-025ad4c elementor-widget elementor-widget-text-editor\" data-id=\"025ad4c\" data-element_type=\"widget\" data-widget_type=\"text-editor.default\">\n\t\t\t\t<div class=\"elementor-widget-container\">\n\t\t\t\t\t\t\t\t<p>Nuestra misi\u00f3n contin\u00faa con <strong>la gesti\u00f3n diaria de los inquilinos y el mantenimiento de su hogar<\/strong>: seguimiento de reservas, check-in y check-out, recepci\u00f3n y liberaci\u00f3n de garant\u00edas de alquiler, limpieza a fondo despu\u00e9s de cada salida con el pleno apoyo de nuestro equipo.<\/p><p>Al confiar el alquiler de su propiedad a O&#8217;Sol, <strong>asegura su distribuci\u00f3n a miles de veraneantes<\/strong> as\u00ed como <strong>la mejor gesti\u00f3n<\/strong> para una <strong>rentabilidad \u00f3ptima<\/strong> del alquiler.<\/p><p>O\u2019Sol se encarga de todos los tr\u00e1mites para que el proceso de alquiler transcurra sin problemas.<\/p><p>En definitiva, O\u2019Sol te ofrece <strong>la mejor visibilidad y un servicio completo de calidad.<\/strong><\/p>\t\t\t\t\t\t<\/div>\n\t\t\t\t<\/div>\n\t\t\t\t\t<\/div>\n\t\t<\/div>\n\t\t\t\t\t\t\t<\/div>\n\t\t<\/section>\n\t\t\t\t<section class=\"elementor-section elementor-top-section elementor-element elementor-element-f1a72c7 elementor-section-boxed elementor-section-height-default elementor-section-height-default\" data-id=\"f1a72c7\" data-element_type=\"section\">\n\t\t\t\t\t\t<div class=\"elementor-container elementor-column-gap-default\">\n\t\t\t\t\t<div class=\"elementor-column elementor-col-100 elementor-top-column elementor-element elementor-element-11e07d2\" data-id=\"11e07d2\" data-element_type=\"column\">\n\t\t\t<div class=\"elementor-widget-wrap elementor-element-populated\">\n\t\t\t\t\t\t\t\t<div class=\"elementor-element elementor-element-894e6cd elementor-align-center elementor-widget elementor-widget-button\" data-id=\"894e6cd\" data-element_type=\"widget\" data-widget_type=\"button.default\">\n\t\t\t\t<div class=\"elementor-widget-container\">\n\t\t\t\t\t<div class=\"elementor-button-wrapper\">\n\t\t\t<a href=\"\/contact\" class=\"elementor-button-link elementor-button elementor-size-md\" role=\"button\">\n\t\t\t\t\t\t<span class=\"elementor-button-content-wrapper\">\n\t\t\t\t\t\t<span class=\"elementor-button-text\">Contactez-nous!<\/span>\n\t\t<\/span>\n\t\t\t\t\t<\/a>\n\t\t<\/div>\n\t\t\t\t<\/div>\n\t\t\t\t<\/div>\n\t\t\t\t\t<\/div>\n\t\t<\/div>\n\t\t\t\t\t\t\t<\/div>\n\t\t<\/section>\n\t\t\t\t<section class=\"elementor-section elementor-top-section elementor-element elementor-element-f7b6de9 elementor-section-boxed elementor-section-height-default elementor-section-height-default\" data-id=\"f7b6de9\" data-element_type=\"section\">\n\t\t\t\t\t\t<div class=\"elementor-container elementor-column-gap-default\">\n\t\t\t\t\t<div class=\"elementor-column elementor-col-100 elementor-top-column elementor-element elementor-element-1e4e5d7\" data-id=\"1e4e5d7\" data-element_type=\"column\">\n\t\t\t<div class=\"elementor-widget-wrap\">\n\t\t\t\t\t\t\t\t\t<\/div>\n\t\t<\/div>\n\t\t\t\t\t\t\t<\/div>\n\t\t<\/section>\n\t\t\t\t\t\t<\/div>\n\t\t\t\t\t<\/div>\n\t\t","protected":false},"excerpt":{"rendered":"<p>\u00bfQui\u00e9n es somos\u00a0? O&#8217;Sol es una agencia inmobiliaria con una s\u00f3lida presencia en la Costa Blanca, Costa C\u00e1lida y Costa Almer\u00eda. Sus fundadores, Charlotte y Nicolas Roggemans, dos belgas expatriados en Espa\u00f1a, han trabajado durante 8 a\u00f1os en el sector inmobiliario espa\u00f1ol. En 2018 fundaron O\u2019Sol, una agencia que ofrece a los propietarios en Espa\u00f1a [&hellip;]<\/p>\n","protected":false},"author":1,"featured_media":2622,"parent":0,"menu_order":0,"comment_status":"closed","ping_status":"closed","template":"agency_model.php","meta":{"footnotes":""},"class_list":["post-256","page","type-page","status-publish","has-post-thumbnail","hentry"],"yoast_head":"<!-- This site is optimized with the Yoast SEO plugin v16.9 - https:\/\/yoast.com\/wordpress\/plugins\/seo\/ -->\n<title>Nuestra agencia - O&#039;Sol<\/title>\n<meta name=\"robots\" content=\"index, follow, max-snippet:-1, max-image-preview:large, max-video-preview:-1\" \/>\n<link rel=\"canonical\" href=\"https:\/\/www.osol.es\/es\/agence\/\" \/>\n<meta property=\"og:locale\" content=\"es_ES\" \/>\n<meta property=\"og:type\" content=\"article\" \/>\n<meta property=\"og:title\" content=\"Nuestra agencia - O&#039;Sol\" \/>\n<meta property=\"og:description\" content=\"\u00bfQui\u00e9n es somos\u00a0? O&#8217;Sol es una agencia inmobiliaria con una s\u00f3lida presencia en la Costa Blanca, Costa C\u00e1lida y Costa Almer\u00eda. Sus fundadores, Charlotte y Nicolas Roggemans, dos belgas expatriados en Espa\u00f1a, han trabajado durante 8 a\u00f1os en el sector inmobiliario espa\u00f1ol. En 2018 fundaron O\u2019Sol, una agencia que ofrece a los propietarios en Espa\u00f1a [&hellip;]\" \/>\n<meta property=\"og:url\" content=\"https:\/\/www.osol.es\/es\/agence\/\" \/>\n<meta property=\"og:site_name\" content=\"O&#039;Sol\" \/>\n<meta property=\"article:modified_time\" content=\"2022-02-15T16:29:57+00:00\" \/>\n<meta property=\"og:image\" content=\"https:\/\/www.osol.es\/wp-content\/uploads\/2021\/10\/105453_17.jpg\" \/>\n\t<meta property=\"og:image:width\" content=\"1920\" \/>\n\t<meta property=\"og:image:height\" content=\"1280\" \/>\n<meta name=\"twitter:card\" content=\"summary_large_image\" \/>\n<meta name=\"twitter:label1\" content=\"Est. reading time\" \/>\n\t<meta name=\"twitter:data1\" content=\"3 minutes\" \/>\n<script type=\"application\/ld+json\" class=\"yoast-schema-graph\">{\"@context\":\"https:\/\/schema.org\",\"@graph\":[{\"@type\":\"WebSite\",\"@id\":\"https:\/\/www.osol.es\/#website\",\"url\":\"https:\/\/www.osol.es\/\",\"name\":\"O&#039;Sol\",\"description\":\"have sun\",\"potentialAction\":[{\"@type\":\"SearchAction\",\"target\":{\"@type\":\"EntryPoint\",\"urlTemplate\":\"https:\/\/www.osol.es\/?s={search_term_string}\"},\"query-input\":\"required name=search_term_string\"}],\"inLanguage\":\"es-ES\"},{\"@type\":\"ImageObject\",\"@id\":\"https:\/\/www.osol.es\/es\/agence\/#primaryimage\",\"inLanguage\":\"es-ES\",\"url\":\"https:\/\/www.osol.es\/wp-content\/uploads\/2021\/10\/105453_17.jpg\",\"contentUrl\":\"https:\/\/www.osol.es\/wp-content\/uploads\/2021\/10\/105453_17.jpg\",\"width\":1920,\"height\":1280},{\"@type\":\"WebPage\",\"@id\":\"https:\/\/www.osol.es\/es\/agence\/#webpage\",\"url\":\"https:\/\/www.osol.es\/es\/agence\/\",\"name\":\"Nuestra agencia - O&#039;Sol\",\"isPartOf\":{\"@id\":\"https:\/\/www.osol.es\/#website\"},\"primaryImageOfPage\":{\"@id\":\"https:\/\/www.osol.es\/es\/agence\/#primaryimage\"},\"datePublished\":\"2021-05-11T14:35:10+00:00\",\"dateModified\":\"2022-02-15T16:29:57+00:00\",\"breadcrumb\":{\"@id\":\"https:\/\/www.osol.es\/es\/agence\/#breadcrumb\"},\"inLanguage\":\"es-ES\",\"potentialAction\":[{\"@type\":\"ReadAction\",\"target\":[\"https:\/\/www.osol.es\/es\/agence\/\"]}]},{\"@type\":\"BreadcrumbList\",\"@id\":\"https:\/\/www.osol.es\/es\/agence\/#breadcrumb\",\"itemListElement\":[{\"@type\":\"ListItem\",\"position\":1,\"name\":\"Accueil\",\"item\":\"https:\/\/www.osol.es\/es\/\"},{\"@type\":\"ListItem\",\"position\":2,\"name\":\"Nuestra agencia\"}]}]}<\/script>\n<!-- \/ Yoast SEO plugin. -->","yoast_head_json":{"title":"Nuestra agencia - O&#039;Sol","robots":{"index":"index","follow":"follow","max-snippet":"max-snippet:-1","max-image-preview":"max-image-preview:large","max-video-preview":"max-video-preview:-1"},"canonical":"https:\/\/www.osol.es\/es\/agence\/","og_locale":"es_ES","og_type":"article","og_title":"Nuestra agencia - O&#039;Sol","og_description":"\u00bfQui\u00e9n es somos\u00a0? O&#8217;Sol es una agencia inmobiliaria con una s\u00f3lida presencia en la Costa Blanca, Costa C\u00e1lida y Costa Almer\u00eda. Sus fundadores, Charlotte y Nicolas Roggemans, dos belgas expatriados en Espa\u00f1a, han trabajado durante 8 a\u00f1os en el sector inmobiliario espa\u00f1ol. En 2018 fundaron O\u2019Sol, una agencia que ofrece a los propietarios en Espa\u00f1a [&hellip;]","og_url":"https:\/\/www.osol.es\/es\/agence\/","og_site_name":"O&#039;Sol","article_modified_time":"2022-02-15T16:29:57+00:00","og_image":[{"width":1920,"height":1280,"url":"https:\/\/www.osol.es\/wp-content\/uploads\/2021\/10\/105453_17.jpg","path":"\/var\/www\/clients\/client0\/web57\/web\/wp-content\/uploads\/2021\/10\/105453_17.jpg","size":"full","id":2622,"alt":"","pixels":2457600,"type":"image\/jpeg"}],"twitter_card":"summary_large_image","twitter_misc":{"Est. reading time":"3 minutes"},"schema":{"@context":"https:\/\/schema.org","@graph":[{"@type":"WebSite","@id":"https:\/\/www.osol.es\/#website","url":"https:\/\/www.osol.es\/","name":"O&#039;Sol","description":"have sun","potentialAction":[{"@type":"SearchAction","target":{"@type":"EntryPoint","urlTemplate":"https:\/\/www.osol.es\/?s={search_term_string}"},"query-input":"required name=search_term_string"}],"inLanguage":"es-ES"},{"@type":"ImageObject","@id":"https:\/\/www.osol.es\/es\/agence\/#primaryimage","inLanguage":"es-ES","url":"https:\/\/www.osol.es\/wp-content\/uploads\/2021\/10\/105453_17.jpg","contentUrl":"https:\/\/www.osol.es\/wp-content\/uploads\/2021\/10\/105453_17.jpg","width":1920,"height":1280},{"@type":"WebPage","@id":"https:\/\/www.osol.es\/es\/agence\/#webpage","url":"https:\/\/www.osol.es\/es\/agence\/","name":"Nuestra agencia - O&#039;Sol","isPartOf":{"@id":"https:\/\/www.osol.es\/#website"},"primaryImageOfPage":{"@id":"https:\/\/www.osol.es\/es\/agence\/#primaryimage"},"datePublished":"2021-05-11T14:35:10+00:00","dateModified":"2022-02-15T16:29:57+00:00","breadcrumb":{"@id":"https:\/\/www.osol.es\/es\/agence\/#breadcrumb"},"inLanguage":"es-ES","potentialAction":[{"@type":"ReadAction","target":["https:\/\/www.osol.es\/es\/agence\/"]}]},{"@type":"BreadcrumbList","@id":"https:\/\/www.osol.es\/es\/agence\/#breadcrumb","itemListElement":[{"@type":"ListItem","position":1,"name":"Accueil","item":"https:\/\/www.osol.es\/es\/"},{"@type":"ListItem","position":2,"name":"Nuestra agencia"}]}]}},"_links":{"self":[{"href":"https:\/\/www.osol.es\/es\/wp-json\/wp\/v2\/pages\/256","targetHints":{"allow":["GET"]}}],"collection":[{"href":"https:\/\/www.osol.es\/es\/wp-json\/wp\/v2\/pages"}],"about":[{"href":"https:\/\/www.osol.es\/es\/wp-json\/wp\/v2\/types\/page"}],"author":[{"embeddable":true,"href":"https:\/\/www.osol.es\/es\/wp-json\/wp\/v2\/users\/1"}],"replies":[{"embeddable":true,"href":"https:\/\/www.osol.es\/es\/wp-json\/wp\/v2\/comments?post=256"}],"version-history":[{"count":56,"href":"https:\/\/www.osol.es\/es\/wp-json\/wp\/v2\/pages\/256\/revisions"}],"predecessor-version":[{"id":2837,"href":"https:\/\/www.osol.es\/es\/wp-json\/wp\/v2\/pages\/256\/revisions\/2837"}],"wp:featuredmedia":[{"embeddable":true,"href":"https:\/\/www.osol.es\/es\/wp-json\/wp\/v2\/media\/2622"}],"wp:attachment":[{"href":"https:\/\/www.osol.es\/es\/wp-json\/wp\/v2\/media?parent=256"}],"curies":[{"name":"wp","href":"https:\/\/api.w.org\/{rel}","templated":true}]}}